{"id":285,"date":"2018-10-23T14:02:41","date_gmt":"2018-10-23T12:02:41","guid":{"rendered":"https:\/\/mv.leb.de\/usedom\/?page_id=285"},"modified":"2019-04-23T14:23:11","modified_gmt":"2019-04-23T12:23:11","slug":"agb","status":"publish","type":"page","link":"https:\/\/mv.leb.de\/usedom\/agb\/","title":{"rendered":"AGB"},"content":{"rendered":"<p>[et_pb_section bb_built=&#8220;1&#8243; _builder_version=&#8220;3.0.47&#8243; inner_width=&#8220;auto&#8220; inner_max_width=&#8220;none&#8220;][et_pb_row _builder_version=&#8220;3.0.48&#8243; background_size=&#8220;initial&#8220; background_position=&#8220;top_left&#8220; background_repeat=&#8220;repeat&#8220; custom_padding=&#8220;0|0px|27px|0px|false|false&#8220; width=&#8220;80%&#8220; max_width=&#8220;1080px&#8220;][et_pb_column type=&#8220;4_4&#8243;][et_pb_image src=&#8220;https:\/\/mv.leb.de\/usedom\/wp-content\/uploads\/sites\/3\/2018\/10\/Gesamtbild-e1540210829421.png&#8220; align=&#8220;center&#8220; force_fullwidth=&#8220;on&#8220; _builder_version=&#8220;3.9&#8243; saved_tabs=&#8220;all&#8220;]<\/p>\n<p>\n&nbsp;<\/p>\n<p>[\/et_pb_image][et_pb_text _builder_version=&#8220;3.22.2&#8243; text_text_shadow_horizontal_length=&#8220;text_text_shadow_style,%91object Object%93&#8243; text_text_shadow_vertical_length=&#8220;text_text_shadow_style,%91object Object%93&#8243; text_text_shadow_blur_strength=&#8220;text_text_shadow_style,%91object Object%93&#8243; link_text_shadow_horizontal_length=&#8220;link_text_shadow_style,%91object Object%93&#8243; link_text_shadow_vertical_length=&#8220;link_text_shadow_style,%91object Object%93&#8243; link_text_shadow_blur_strength=&#8220;link_text_shadow_style,%91object Object%93&#8243; ul_text_shadow_horizontal_length=&#8220;ul_text_shadow_style,%91object Object%93&#8243; ul_text_shadow_vertical_length=&#8220;ul_text_shadow_style,%91object Object%93&#8243; ul_text_shadow_blur_strength=&#8220;ul_text_shadow_style,%91object Object%93&#8243; ol_text_shadow_horizontal_length=&#8220;ol_text_shadow_style,%91object Object%93&#8243; ol_text_shadow_vertical_length=&#8220;ol_text_shadow_style,%91object Object%93&#8243; ol_text_shadow_blur_strength=&#8220;ol_text_shadow_style,%91object Object%93&#8243; quote_text_shadow_horizontal_length=&#8220;quote_text_shadow_style,%91object Object%93&#8243; quote_text_shadow_vertical_length=&#8220;quote_text_shadow_style,%91object Object%93&#8243; quote_text_shadow_blur_strength=&#8220;quote_text_shadow_style,%91object Object%93&#8243; header_text_shadow_horizontal_length=&#8220;header_text_shadow_style,%91object Object%93&#8243; header_text_shadow_vertical_length=&#8220;header_text_shadow_style,%91object Object%93&#8243; header_text_shadow_blur_strength=&#8220;header_text_shadow_style,%91object Object%93&#8243; header_2_text_shadow_horizontal_length=&#8220;header_2_text_shadow_style,%91object Object%93&#8243; header_2_text_shadow_vertical_length=&#8220;header_2_text_shadow_style,%91object Object%93&#8243; header_2_text_shadow_blur_strength=&#8220;header_2_text_shadow_style,%91object Object%93&#8243; header_3_text_shadow_horizontal_length=&#8220;header_3_text_shadow_style,%91object Object%93&#8243; header_3_text_shadow_vertical_length=&#8220;header_3_text_shadow_style,%91object Object%93&#8243; header_3_text_shadow_blur_strength=&#8220;header_3_text_shadow_style,%91object Object%93&#8243; header_4_text_shadow_horizontal_length=&#8220;header_4_text_shadow_style,%91object Object%93&#8243; header_4_text_shadow_vertical_length=&#8220;header_4_text_shadow_style,%91object Object%93&#8243; header_4_text_shadow_blur_strength=&#8220;header_4_text_shadow_style,%91object Object%93&#8243; header_5_text_shadow_horizontal_length=&#8220;header_5_text_shadow_style,%91object Object%93&#8243; header_5_text_shadow_vertical_length=&#8220;header_5_text_shadow_style,%91object Object%93&#8243; header_5_text_shadow_blur_strength=&#8220;header_5_text_shadow_style,%91object Object%93&#8243; header_6_text_shadow_horizontal_length=&#8220;header_6_text_shadow_style,%91object Object%93&#8243; header_6_text_shadow_vertical_length=&#8220;header_6_text_shadow_style,%91object Object%93&#8243; header_6_text_shadow_blur_strength=&#8220;header_6_text_shadow_style,%91object Object%93&#8243; z_index_tablet=&#8220;500&#8243;]<\/p>\n<h1><strong>Allgemeine Gesch\u00e4ftsbedingungen (AGB) der LEB Usedom<br \/><\/strong><\/h1>\n<h5><strong>Teilnahme- und Zahlungsbedingungen<\/strong><\/h5>\n<p>Mit der Anmeldung zu einer unserer Veranstaltungen und Fortbildungsangebote werden die nachstehenden \u201eAllgemeinen Teilnahme- und Zahlungsbedingungen\u201c anerkannt: Dies gilt zugleich f\u00fcr etwaige \u201eBesondere Teilnahmebedingungen\u201c, die bei bestimmten Veranstaltungen den Teilnehmenden mit der Zulassungsbest\u00e4tigung bekannt gegeben werden.<\/p>\n<h5><strong>1. Anmeldung<\/strong><\/h5>\n<p>Die Anmeldungen zu den Seminaren und Fortbildungsveranstaltungen sind schriftlich oder telefonisch bei der L\u00e4ndlichen Erwachsenenbildung Usedom vorzunehmen. Anmeldungen werden in der Reihenfolge ihres Eingangs ber\u00fccksichtigt. Besondere Zulassungs- oder Auswahlkriterien f\u00fcr bestimmte Ma\u00dfnahmen bleiben davon unber\u00fchrt. \u00dcbersteigt die Zahl der Anmeldungen die Platzkapazit\u00e4t eines Lehrgangs\/Seminars, beh\u00e4lt sich die LEB Usedom ein Aufnahmeverfahren vor. Mit Zugang der Anmeldebest\u00e4tigung durch die LEB Usedom kommt der Fortbildungsvertrag zustande. Diese Anmeldebest\u00e4tigung geht Ihnen von unserer Seite bis sp\u00e4testens 14 Tage vor Ma\u00dfnahmebeginn zu.<\/p>\n<h5><strong>2. Zeugnisse, Zertifikate und Teilnahmebescheinigungen<\/strong><\/h5>\n<p>Die f\u00fcr die Fortbildung g\u00fcltigen Teilnahmebescheinigungen, Zertifikate und anderen Anerkennungsm\u00f6glichkeiten entnehmen Sie bitte den Ausschreibungen und werden, sobald die Mindestanforderungen f\u00fcr die Abschl\u00fcsse erf\u00fcllt sind, unverz\u00fcglich ausgestellt. F\u00fcr Lehrg\u00e4nge und Seminare, die mit einer formalen Pr\u00fcfung abschlie\u00dfen, gelten besondere Regelungen.<\/p>\n<h5><strong>3. Zahlungsbedingungen<\/strong><\/h5>\n<p>Der\/die Teilnehmer\/-in hat das Entgelt unabh\u00e4ngig von den Leistungen Dritter (z.B. Arbeitsamt) sp\u00e4testens bis zu dem in der Rechnung genannten Termin zu zahlen. Bei Fortbildungsveranstaltungen und Seminaren, die \u00fcber mehr als 12 Kalenderwochen durchgef\u00fchrt werden, kann auf Wunsch eine Ratenzahlung vereinbart werden. Die vollst\u00e4ndige Rechnungsnummer ist anzugeben. Mit der Anmeldung und der Rechnungslegung wird der verbindliche Teilnehmerplatz bezahlt.<\/p>\n<h5><strong>4. R\u00fccktritt und K\u00fcndigung<\/strong><\/h5>\n<p>Sofern im Fortbildungsvertrag keine andere Regelung vorgesehen ist, gelten folgende Bedingungen: Bis zehn Werktage vor Beginn der Veranstaltung \u2013 ma\u00dfgeblich ist der Eingang bei der LEB Usedom \u2013 kann der\/die Teilnehmer\/-in ohne Angaben von Gr\u00fcnden von dem Vertrag zur\u00fccktreten. Der R\u00fccktritt ist schriftlich zu erkl\u00e4ren. Bereits gezahlte Lehrveranstaltungsentgelte werden in diesem Fall zur\u00fcckerstattet, nicht jedoch gesondert ausgewiesene Organisationsgeb\u00fchren, die als Bearbeitungsentgelt einbehalten werden. Teilnehmende, die danach zur\u00fccktreten oder die zu den Veranstaltungen nicht oder teilweise nicht erscheinen, sind grunds\u00e4tzlich zur Zahlung der vollen Seminarkosten verpflichtet, wenn nicht ein\/-e Ersatzteilnehmer\/-in gestellt wird. Lehrveranstaltungen mit einer Dauer bis zu 6 Monaten sind nicht vorzeitig k\u00fcndbar. Das Recht zur K\u00fcndigung aus wichtigem Grund bleibt davon unber\u00fchrt.<\/p>\n<h5><strong>5. Absage von Lehrveranstaltungen\/Seminaren<\/strong><\/h5>\n<p>Die LEB Usedom hat das Recht, insbesondere bei nicht ausreichenden Anmeldungen entsprechend der Ausschreibung, Fortbildungsseminare abzusagen. Bereits gezahlte Entgelte werden in diesem Fall erstattet. Nachholtermine k\u00f6nnen anberaumt werden. Ersatz- und Folgekosten der Lehrgangsteilnehmer\/-innen wegen Ausfall von\u00a0 Veranstaltungen oder Verschiebung von Lehrg\u00e4ngen bzw. Seminaren sind ausgeschlossen. Die Veranstaltungsorte werden mit der Ausschreibung des Lehrgangs bekannt gegeben.<\/p>\n<h5><strong>6. Wechsel der Dozierenden<\/strong><\/h5>\n<p>Ein Wechsel der Dozenten bzw. Dozentinnen und\/oder Verschiebungen im Ablauf berechtigen den\/die Teilnehmer\/-in weder zum R\u00fccktritt vom Vertrag noch zur Minderung des Entgeltes. Die M\u00f6glichkeit zur K\u00fcndigung aus wichtigem Grund bleibt hiervon unber\u00fchrt.<\/p>\n<h5><strong>7. Haftung<\/strong><\/h5>\n<p>Die LEB Usedom haftet nicht f\u00fcr Sch\u00e4den, au\u00dfer wenn diese auf vors\u00e4tzlichem oder grob fahrl\u00e4ssigem Verhalten von Angestellten oder sonstigen Erf\u00fcllungsgehilfen beruhen.<\/p>\n<h5><strong>8. Ausschluss von der Teilnahme<\/strong><\/h5>\n<p>Die LEB Usedom ist berechtigt, Teilnehmer\/-innen in besonderen F\u00e4llen, z.B. Zahlungsverzug (siehe Ziffer 2), St\u00f6rung der Veranstaltung und des Betriebsablaufes von der weiteren Teilnahme auszuschlie\u00dfen.<\/p>\n<h5><strong>9. Datenspeicherung<\/strong><\/h5>\n<p>Durch die Anmeldung erkl\u00e4rt sich der\/die Teilnehmer\/-in mit der Be- und Verarbeitung der personenbezogenen Daten f\u00fcr Zwecke der Lehrgangsabwicklung sowie mit der Zusendung sp\u00e4terer Informationen im Zusammenhang von Bildungsangeboten der Bildungseinrichtung einverstanden. Die LEB Usedom wird Daten ihrer Teilnehmenden ohne deren Zustimmung nicht an Dritte weitergeben \u2013 es sei denn in anonymisierter Form.<\/p>\n<h5><strong>10. Nebenabreden<\/strong><\/h5>\n<p>Nebenabreden bed\u00fcrfen zu Ihrer Wirksamkeit der Schriftform.<\/p>\n<h5><strong>11. Erf\u00fcllungsort<\/strong><\/h5>\n<p>Sofern nicht gesondert angegeben, finden die Fortbildungsveranstaltungen in den R\u00e4umen der LEB Usedom in der Stadt Usedom statt. Gerichtsstand f\u00fcr alle Streitigkeiten aus diesem Vertrag ist Greifswald.<\/p>\n<p>\u00a0<\/p>\n<p>[\/et_pb_text][\/et_pb_column][\/et_pb_row][\/et_pb_section]<\/p>\n","protected":false},"excerpt":{"rendered":"<p>&nbsp; Allgemeine Gesch\u00e4ftsbedingungen (AGB) der LEB UsedomTeilnahme- und ZahlungsbedingungenMit der Anmeldung zu einer unserer Veranstaltungen und Fortbildungsangebote werden die nachstehenden \u201eAllgemeinen Teilnahme- und Zahlungsbedingungen\u201c anerkannt: Dies gilt zugleich f\u00fcr etwaige \u201eBesondere Teilnahmebedingungen\u201c, die bei bestimmten Veranstaltungen den Teilnehmenden mit der Zulassungsbest\u00e4tigung bekannt gegeben werden.1. AnmeldungDie Anmeldungen zu den Seminaren und Fortbildungsveranstaltungen sind schriftlich oder telefonisch [&hellip;]<\/p>\n","protected":false},"author":2,"featured_media":0,"parent":0,"menu_order":0,"comment_status":"closed","ping_status":"closed","template":"","meta":{"_et_pb_use_builder":"on","_et_pb_old_content":"","_et_gb_content_width":""},"yoast_head":"<!-- This site is optimized with the Yoast SEO plugin v19.10 - https:\/\/yoast.com\/wordpress\/plugins\/seo\/ -->\n<title>AGB - Usedom<\/title>\n<meta name=\"robots\" content=\"index, follow, max-snippet:-1, max-image-preview:large, max-video-preview:-1\" \/>\n<link rel=\"canonical\" href=\"https:\/\/mv.leb.de\/usedom\/agb\/\" \/>\n<meta property=\"og:locale\" content=\"de_DE\" \/>\n<meta property=\"og:type\" content=\"article\" \/>\n<meta property=\"og:title\" content=\"AGB - Usedom\" \/>\n<meta property=\"og:description\" content=\"&nbsp; Allgemeine Gesch\u00e4ftsbedingungen (AGB) der LEB UsedomTeilnahme- und ZahlungsbedingungenMit der Anmeldung zu einer unserer Veranstaltungen und Fortbildungsangebote werden die nachstehenden \u201eAllgemeinen Teilnahme- und Zahlungsbedingungen\u201c anerkannt: Dies gilt zugleich f\u00fcr etwaige \u201eBesondere Teilnahmebedingungen\u201c, die bei bestimmten Veranstaltungen den Teilnehmenden mit der Zulassungsbest\u00e4tigung bekannt gegeben werden.1. AnmeldungDie Anmeldungen zu den Seminaren und Fortbildungsveranstaltungen sind schriftlich oder telefonisch [&hellip;]\" \/>\n<meta property=\"og:url\" content=\"https:\/\/mv.leb.de\/usedom\/agb\/\" \/>\n<meta property=\"og:site_name\" content=\"Usedom\" \/>\n<meta property=\"article:modified_time\" content=\"2019-04-23T12:23:11+00:00\" \/>\n<meta name=\"twitter:card\" content=\"summary_large_image\" \/>\n<meta name=\"twitter:label1\" content=\"Gesch\u00e4tzte Lesezeit\" \/>\n\t<meta name=\"twitter:data1\" content=\"5\u00a0Minuten\" \/>\n<script type=\"application\/ld+json\" class=\"yoast-schema-graph\">{\"@context\":\"https:\/\/schema.org\",\"@graph\":[{\"@type\":\"WebPage\",\"@id\":\"https:\/\/mv.leb.de\/usedom\/agb\/\",\"url\":\"https:\/\/mv.leb.de\/usedom\/agb\/\",\"name\":\"AGB - Usedom\",\"isPartOf\":{\"@id\":\"https:\/\/mv.leb.de\/usedom\/#website\"},\"datePublished\":\"2018-10-23T12:02:41+00:00\",\"dateModified\":\"2019-04-23T12:23:11+00:00\",\"breadcrumb\":{\"@id\":\"https:\/\/mv.leb.de\/usedom\/agb\/#breadcrumb\"},\"inLanguage\":\"de\",\"potentialAction\":[{\"@type\":\"ReadAction\",\"target\":[\"https:\/\/mv.leb.de\/usedom\/agb\/\"]}]},{\"@type\":\"BreadcrumbList\",\"@id\":\"https:\/\/mv.leb.de\/usedom\/agb\/#breadcrumb\",\"itemListElement\":[{\"@type\":\"ListItem\",\"position\":1,\"name\":\"Startseite\",\"item\":\"https:\/\/mv.leb.de\/usedom\/\"},{\"@type\":\"ListItem\",\"position\":2,\"name\":\"AGB\"}]},{\"@type\":\"WebSite\",\"@id\":\"https:\/\/mv.leb.de\/usedom\/#website\",\"url\":\"https:\/\/mv.leb.de\/usedom\/\",\"name\":\"Usedom\",\"description\":\"LEB Usedom\",\"potentialAction\":[{\"@type\":\"SearchAction\",\"target\":{\"@type\":\"EntryPoint\",\"urlTemplate\":\"https:\/\/mv.leb.de\/usedom\/?s={search_term_string}\"},\"query-input\":\"required name=search_term_string\"}],\"inLanguage\":\"de\"}]}<\/script>\n<!-- \/ Yoast SEO plugin. -->","yoast_head_json":{"title":"AGB - Usedom","robots":{"index":"index","follow":"follow","max-snippet":"max-snippet:-1","max-image-preview":"max-image-preview:large","max-video-preview":"max-video-preview:-1"},"canonical":"https:\/\/mv.leb.de\/usedom\/agb\/","og_locale":"de_DE","og_type":"article","og_title":"AGB - Usedom","og_description":"&nbsp; Allgemeine Gesch\u00e4ftsbedingungen (AGB) der LEB UsedomTeilnahme- und ZahlungsbedingungenMit der Anmeldung zu einer unserer Veranstaltungen und Fortbildungsangebote werden die nachstehenden \u201eAllgemeinen Teilnahme- und Zahlungsbedingungen\u201c anerkannt: Dies gilt zugleich f\u00fcr etwaige \u201eBesondere Teilnahmebedingungen\u201c, die bei bestimmten Veranstaltungen den Teilnehmenden mit der Zulassungsbest\u00e4tigung bekannt gegeben werden.1. AnmeldungDie Anmeldungen zu den Seminaren und Fortbildungsveranstaltungen sind schriftlich oder telefonisch [&hellip;]","og_url":"https:\/\/mv.leb.de\/usedom\/agb\/","og_site_name":"Usedom","article_modified_time":"2019-04-23T12:23:11+00:00","twitter_card":"summary_large_image","twitter_misc":{"Gesch\u00e4tzte Lesezeit":"5\u00a0Minuten"},"schema":{"@context":"https:\/\/schema.org","@graph":[{"@type":"WebPage","@id":"https:\/\/mv.leb.de\/usedom\/agb\/","url":"https:\/\/mv.leb.de\/usedom\/agb\/","name":"AGB - Usedom","isPartOf":{"@id":"https:\/\/mv.leb.de\/usedom\/#website"},"datePublished":"2018-10-23T12:02:41+00:00","dateModified":"2019-04-23T12:23:11+00:00","breadcrumb":{"@id":"https:\/\/mv.leb.de\/usedom\/agb\/#breadcrumb"},"inLanguage":"de","potentialAction":[{"@type":"ReadAction","target":["https:\/\/mv.leb.de\/usedom\/agb\/"]}]},{"@type":"BreadcrumbList","@id":"https:\/\/mv.leb.de\/usedom\/agb\/#breadcrumb","itemListElement":[{"@type":"ListItem","position":1,"name":"Startseite","item":"https:\/\/mv.leb.de\/usedom\/"},{"@type":"ListItem","position":2,"name":"AGB"}]},{"@type":"WebSite","@id":"https:\/\/mv.leb.de\/usedom\/#website","url":"https:\/\/mv.leb.de\/usedom\/","name":"Usedom","description":"LEB Usedom","potentialAction":[{"@type":"SearchAction","target":{"@type":"EntryPoint","urlTemplate":"https:\/\/mv.leb.de\/usedom\/?s={search_term_string}"},"query-input":"required name=search_term_string"}],"inLanguage":"de"}]}},"_links":{"self":[{"href":"https:\/\/mv.leb.de\/usedom\/wp-json\/wp\/v2\/pages\/285"}],"collection":[{"href":"https:\/\/mv.leb.de\/usedom\/wp-json\/wp\/v2\/pages"}],"about":[{"href":"https:\/\/mv.leb.de\/usedom\/wp-json\/wp\/v2\/types\/page"}],"author":[{"embeddable":true,"href":"https:\/\/mv.leb.de\/usedom\/wp-json\/wp\/v2\/users\/2"}],"replies":[{"embeddable":true,"href":"https:\/\/mv.leb.de\/usedom\/wp-json\/wp\/v2\/comments?post=285"}],"version-history":[{"count":6,"href":"https:\/\/mv.leb.de\/usedom\/wp-json\/wp\/v2\/pages\/285\/revisions"}],"predecessor-version":[{"id":397,"href":"https:\/\/mv.leb.de\/usedom\/wp-json\/wp\/v2\/pages\/285\/revisions\/397"}],"wp:attachment":[{"href":"https:\/\/mv.leb.de\/usedom\/wp-json\/wp\/v2\/media?parent=285"}],"curies":[{"name":"wp","href":"https:\/\/api.w.org\/{rel}","templated":true}]}}