{"id":2,"date":"2018-09-12T17:08:09","date_gmt":"2018-09-12T15:08:09","guid":{"rendered":"https:\/\/mv.leb.de\/usedom\/?page_id=2"},"modified":"2025-01-22T11:51:22","modified_gmt":"2025-01-22T10:51:22","slug":"home","status":"publish","type":"page","link":"https:\/\/mv.leb.de\/usedom\/","title":{"rendered":"Home"},"content":{"rendered":"<p>[et_pb_section fb_built=&#8220;1&#8243; _builder_version=&#8220;4.16&#8243; custom_padding=&#8220;60px|0px|0|0px|false|false&#8220; global_colors_info=&#8220;{}&#8220;][et_pb_row _builder_version=&#8220;4.16&#8243; custom_padding=&#8220;0|0px|0|0px|false|false&#8220; global_colors_info=&#8220;{}&#8220;][et_pb_column type=&#8220;4_4&#8243; _builder_version=&#8220;4.16&#8243; custom_padding=&#8220;|||&#8220; global_colors_info=&#8220;{}&#8220; custom_padding__hover=&#8220;|||&#8220;][et_pb_image src=&#8220;https:\/\/mv.leb.de\/usedom\/wp-content\/uploads\/sites\/3\/2018\/10\/Gesamtbild-e1540210829421.png&#8220; align=&#8220;center&#8220; force_fullwidth=&#8220;on&#8220; align_tablet=&#8220;center&#8220; align_phone=&#8220;&#8220; align_last_edited=&#8220;on|desktop&#8220; _builder_version=&#8220;4.19.0&#8243; saved_tabs=&#8220;all&#8220; global_colors_info=&#8220;{}&#8220;][\/et_pb_image][\/et_pb_column][\/et_pb_row][et_pb_row _builder_version=&#8220;4.16&#8243; background_size=&#8220;initial&#8220; background_position=&#8220;top_left&#8220; background_repeat=&#8220;repeat&#8220; global_colors_info=&#8220;{}&#8220;][et_pb_column type=&#8220;4_4&#8243; _builder_version=&#8220;4.16&#8243; custom_padding=&#8220;|||&#8220; global_colors_info=&#8220;{}&#8220; custom_padding__hover=&#8220;|||&#8220;][et_pb_text _builder_version=&#8220;4.19.0&#8243; z_index_tablet=&#8220;500&#8243; global_colors_info=&#8220;{}&#8220;]<\/p>\n<h1><strong>Herzlich willkommen! <\/strong><\/h1>\n<p>&#8230; auf der Internetseite der <strong>&#8222;L\u00e4ndlichen Erwachsenenbildung Kreisarbeitsgemeinschft Peeneland&#8220; e.V. <\/strong>Da unser Vereinsname von seinen Gr\u00fcndern noch vor dem Computerzeitalter gew\u00e4hlt wurde, er in allen offiziellen Dokumenten zu finden und doch etwas umfangreich ist, nennen wir uns im Weiteren <strong>LEB Usedom<\/strong>.<br \/>Im Rahmen des <strong>Lebenslangen Lernens<\/strong> und entsprechend unserem Motto:<\/p>\n<h5><strong>GEMEINSAM\u00a0 LERNEN\u00a0 &#8211;\u00a0 SINNVOLL\u00a0 LEBEN !<\/strong><\/h5>\n<p>handeln wir nach unserem <a href=\"https:\/\/mv.leb.de\/usedom\/leitbild\/\"><strong>Leitbild<span style=\"color: #000000\">.<\/span><\/strong><\/a> Die LEB Usedom versteht sich als eine gemeinn\u00fctzige, weltanschaulich und politisch unabh\u00e4ngige, landesweit t\u00e4tige Bildungseinrichtung und ist dem demokratischen Rechtsstaat verpflichtet. Dabei steht der lernende und wissensdurstige Mensch im Mittelpunkt, der ein Leben lang lernt.<\/p>\n<p>Zertifizierter Standort: Stolper Stra\u00dfe 3, 17406 Usedom<\/p>\n<p>[\/et_pb_text][et_pb_image src=&#8220;https:\/\/mv.leb.de\/usedom\/wp-content\/uploads\/sites\/3\/2024\/10\/03_siegel-tr-azav.jpg&#8220; alt=&#8220;AZAV_Zertpunkt&#8220; title_text=&#8220;03_siegel-tr-azav&#8220; _builder_version=&#8220;4.19.0&#8243; _module_preset=&#8220;default&#8220; global_colors_info=&#8220;{}&#8220;][\/et_pb_image][et_pb_text admin_label=&#8220;Text&#8220; _builder_version=&#8220;4.19.0&#8243; global_colors_info=&#8220;{}&#8220;]<\/p>\n<p><strong>Staatlich anerkannte Einrichtung der Weiterbildung nach dem Weiterbildungsf\u00f6rderungsgesetz Mecklenburg-Vorpommern.<\/strong><\/p>\n<p>[\/et_pb_text][\/et_pb_column][\/et_pb_row][\/et_pb_section]<\/p>\n","protected":false},"excerpt":{"rendered":"<p>Herzlich willkommen! &#8230; auf der Internetseite der &#8222;L\u00e4ndlichen Erwachsenenbildung Kreisarbeitsgemeinschft Peeneland&#8220; e.V. Da unser Vereinsname von seinen Gr\u00fcndern noch vor dem Computerzeitalter gew\u00e4hlt wurde, er in allen offiziellen Dokumenten zu finden und doch etwas umfangreich ist, nennen wir uns im Weiteren LEB Usedom.Im Rahmen des Lebenslangen Lernens und entsprechend unserem Motto: GEMEINSAM\u00a0 LERNEN\u00a0 &#8211;\u00a0 SINNVOLL\u00a0 [&hellip;]<\/p>\n","protected":false},"author":1,"featured_media":0,"parent":0,"menu_order":0,"comment_status":"closed","ping_status":"open","template":"","meta":{"_et_pb_use_builder":"on","_et_pb_old_content":"","_et_gb_content_width":""},"yoast_head":"<!-- This site is optimized with the Yoast SEO plugin v19.10 - https:\/\/yoast.com\/wordpress\/plugins\/seo\/ -->\n<title>Home - Usedom<\/title>\n<meta name=\"robots\" content=\"index, follow, max-snippet:-1, max-image-preview:large, max-video-preview:-1\" \/>\n<link rel=\"canonical\" href=\"https:\/\/mv.leb.de\/usedom\/\" \/>\n<meta property=\"og:locale\" content=\"de_DE\" \/>\n<meta property=\"og:type\" content=\"article\" \/>\n<meta property=\"og:title\" content=\"Home - Usedom\" \/>\n<meta property=\"og:description\" content=\"Herzlich willkommen! ... auf der Internetseite der &quot;L\u00e4ndlichen Erwachsenenbildung Kreisarbeitsgemeinschft Peeneland&quot; e.V. Da unser Vereinsname von seinen Gr\u00fcndern noch vor dem Computerzeitalter gew\u00e4hlt wurde, er in allen offiziellen Dokumenten zu finden und doch etwas umfangreich ist, nennen wir uns im Weiteren LEB Usedom.Im Rahmen des Lebenslangen Lernens und entsprechend unserem Motto: GEMEINSAM\u00a0 LERNEN\u00a0 -\u00a0 SINNVOLL\u00a0 [&hellip;]\" \/>\n<meta property=\"og:url\" content=\"https:\/\/mv.leb.de\/usedom\/\" \/>\n<meta property=\"og:site_name\" content=\"Usedom\" \/>\n<meta property=\"article:modified_time\" content=\"2025-01-22T10:51:22+00:00\" \/>\n<meta name=\"twitter:card\" content=\"summary_large_image\" \/>\n<meta name=\"twitter:label1\" content=\"Gesch\u00e4tzte Lesezeit\" \/>\n\t<meta name=\"twitter:data1\" content=\"1\u00a0Minute\" \/>\n<script type=\"application\/ld+json\" class=\"yoast-schema-graph\">{\"@context\":\"https:\/\/schema.org\",\"@graph\":[{\"@type\":\"WebPage\",\"@id\":\"https:\/\/mv.leb.de\/usedom\/\",\"url\":\"https:\/\/mv.leb.de\/usedom\/\",\"name\":\"Home - Usedom\",\"isPartOf\":{\"@id\":\"https:\/\/mv.leb.de\/usedom\/#website\"},\"datePublished\":\"2018-09-12T15:08:09+00:00\",\"dateModified\":\"2025-01-22T10:51:22+00:00\",\"breadcrumb\":{\"@id\":\"https:\/\/mv.leb.de\/usedom\/#breadcrumb\"},\"inLanguage\":\"de\",\"potentialAction\":[{\"@type\":\"ReadAction\",\"target\":[\"https:\/\/mv.leb.de\/usedom\/\"]}]},{\"@type\":\"BreadcrumbList\",\"@id\":\"https:\/\/mv.leb.de\/usedom\/#breadcrumb\",\"itemListElement\":[{\"@type\":\"ListItem\",\"position\":1,\"name\":\"Startseite\",\"item\":\"https:\/\/mv.leb.de\/usedom\/\"},{\"@type\":\"ListItem\",\"position\":2,\"name\":\"Home\"}]},{\"@type\":\"WebSite\",\"@id\":\"https:\/\/mv.leb.de\/usedom\/#website\",\"url\":\"https:\/\/mv.leb.de\/usedom\/\",\"name\":\"Usedom\",\"description\":\"LEB Usedom\",\"potentialAction\":[{\"@type\":\"SearchAction\",\"target\":{\"@type\":\"EntryPoint\",\"urlTemplate\":\"https:\/\/mv.leb.de\/usedom\/?s={search_term_string}\"},\"query-input\":\"required name=search_term_string\"}],\"inLanguage\":\"de\"}]}<\/script>\n<!-- \/ Yoast SEO plugin. -->","yoast_head_json":{"title":"Home - Usedom","robots":{"index":"index","follow":"follow","max-snippet":"max-snippet:-1","max-image-preview":"max-image-preview:large","max-video-preview":"max-video-preview:-1"},"canonical":"https:\/\/mv.leb.de\/usedom\/","og_locale":"de_DE","og_type":"article","og_title":"Home - Usedom","og_description":"Herzlich willkommen! ... auf der Internetseite der \"L\u00e4ndlichen Erwachsenenbildung Kreisarbeitsgemeinschft Peeneland\" e.V. Da unser Vereinsname von seinen Gr\u00fcndern noch vor dem Computerzeitalter gew\u00e4hlt wurde, er in allen offiziellen Dokumenten zu finden und doch etwas umfangreich ist, nennen wir uns im Weiteren LEB Usedom.Im Rahmen des Lebenslangen Lernens und entsprechend unserem Motto: GEMEINSAM\u00a0 LERNEN\u00a0 -\u00a0 SINNVOLL\u00a0 [&hellip;]","og_url":"https:\/\/mv.leb.de\/usedom\/","og_site_name":"Usedom","article_modified_time":"2025-01-22T10:51:22+00:00","twitter_card":"summary_large_image","twitter_misc":{"Gesch\u00e4tzte Lesezeit":"1\u00a0Minute"},"schema":{"@context":"https:\/\/schema.org","@graph":[{"@type":"WebPage","@id":"https:\/\/mv.leb.de\/usedom\/","url":"https:\/\/mv.leb.de\/usedom\/","name":"Home - Usedom","isPartOf":{"@id":"https:\/\/mv.leb.de\/usedom\/#website"},"datePublished":"2018-09-12T15:08:09+00:00","dateModified":"2025-01-22T10:51:22+00:00","breadcrumb":{"@id":"https:\/\/mv.leb.de\/usedom\/#breadcrumb"},"inLanguage":"de","potentialAction":[{"@type":"ReadAction","target":["https:\/\/mv.leb.de\/usedom\/"]}]},{"@type":"BreadcrumbList","@id":"https:\/\/mv.leb.de\/usedom\/#breadcrumb","itemListElement":[{"@type":"ListItem","position":1,"name":"Startseite","item":"https:\/\/mv.leb.de\/usedom\/"},{"@type":"ListItem","position":2,"name":"Home"}]},{"@type":"WebSite","@id":"https:\/\/mv.leb.de\/usedom\/#website","url":"https:\/\/mv.leb.de\/usedom\/","name":"Usedom","description":"LEB Usedom","potentialAction":[{"@type":"SearchAction","target":{"@type":"EntryPoint","urlTemplate":"https:\/\/mv.leb.de\/usedom\/?s={search_term_string}"},"query-input":"required name=search_term_string"}],"inLanguage":"de"}]}},"_links":{"self":[{"href":"https:\/\/mv.leb.de\/usedom\/wp-json\/wp\/v2\/pages\/2"}],"collection":[{"href":"https:\/\/mv.leb.de\/usedom\/wp-json\/wp\/v2\/pages"}],"about":[{"href":"https:\/\/mv.leb.de\/usedom\/wp-json\/wp\/v2\/types\/page"}],"author":[{"embeddable":true,"href":"https:\/\/mv.leb.de\/usedom\/wp-json\/wp\/v2\/users\/1"}],"replies":[{"embeddable":true,"href":"https:\/\/mv.leb.de\/usedom\/wp-json\/wp\/v2\/comments?post=2"}],"version-history":[{"count":95,"href":"https:\/\/mv.leb.de\/usedom\/wp-json\/wp\/v2\/pages\/2\/revisions"}],"predecessor-version":[{"id":764,"href":"https:\/\/mv.leb.de\/usedom\/wp-json\/wp\/v2\/pages\/2\/revisions\/764"}],"wp:attachment":[{"href":"https:\/\/mv.leb.de\/usedom\/wp-json\/wp\/v2\/media?parent=2"}],"curies":[{"name":"wp","href":"https:\/\/api.w.org\/{rel}","templated":true}]}}