{"id":198,"date":"2018-10-22T18:42:39","date_gmt":"2018-10-22T16:42:39","guid":{"rendered":"https:\/\/mv.leb.de\/usedom\/?page_id=198"},"modified":"2018-10-23T14:48:43","modified_gmt":"2018-10-23T12:48:43","slug":"5-kompetenzen","status":"publish","type":"page","link":"https:\/\/mv.leb.de\/usedom\/5-kompetenzen\/","title":{"rendered":"5. Kompetenzen"},"content":{"rendered":"<p>[et_pb_section bb_built=&#8220;1&#8243;][et_pb_row][et_pb_column type=&#8220;4_4&#8243;][et_pb_text _builder_version=&#8220;3.9&#8243;]<\/p>\n<h2><strong>Pers\u00f6nliche Kompetenzen entwickeln und festigen<\/strong><\/h2>\n<table>\n<tbody>\n<tr>\n<td width=\"27\"><strong>a)<\/strong><\/td>\n<td width=\"353\"><strong>Das Lernen lernen<\/strong><\/td>\n<td width=\"60\">6 U-Std.<\/td>\n<\/tr>\n<tr>\n<td width=\"27\">&nbsp;<\/td>\n<td width=\"353\">Oft entscheiden \u201eLerntechniken\u201c \u00fcber den Erfolg bei der Aufnahme und dem Behalten von Wissen. Mit den richtigen \u201eTricks\u201c f\u00e4llt der Wissenserwerb leichter und auch die Ged\u00e4chtnisleistung kann verbessert werden.<\/td>\n<td width=\"60\">&nbsp;<\/td>\n<\/tr>\n<tr>\n<td width=\"27\">&nbsp;<\/td>\n<td width=\"353\">Grundlagen des Lernens:<\/p>\n<p>\u00b7\u00a0\u00a0\u00a0\u00a0\u00a0\u00a0\u00a0\u00a0 Aufbau des Gehirns, Funktion des Ged\u00e4chtnisses Aufnahme von Wissen;<\/p>\n<p>\u00b7\u00a0\u00a0\u00a0\u00a0\u00a0\u00a0\u00a0\u00a0 aktives Zuh\u00f6ren;<\/p>\n<p>\u00b7\u00a0\u00a0\u00a0\u00a0\u00a0\u00a0\u00a0\u00a0 Mitschreiben \u201eDie blasseste Tinte ist besser als das st\u00e4rkste Ged\u00e4chtnis\u201c;<\/p>\n<p>\u00b7\u00a0\u00a0\u00a0\u00a0\u00a0\u00a0\u00a0\u00a0 Physiologische Voraussetzungen, Lesetechniken Verarbeitung von Wissen\/Lerntechniken;<\/p>\n<p>\u00b7\u00a0\u00a0\u00a0\u00a0\u00a0\u00a0\u00a0\u00a0 Strukturierung des Lernstoffes, Mind-Mapping, Eselsbr\u00fccken;<\/p>\n<p>\u00b7\u00a0\u00a0\u00a0\u00a0\u00a0\u00a0\u00a0\u00a0 Karteikarten und visualisieren;<\/p>\n<p>\u00b7\u00a0\u00a0\u00a0\u00a0\u00a0\u00a0\u00a0\u00a0 Bedingungen des erfolgreichen Lernens: Motivation, Konzentration, Lernort, Ausschalten von St\u00f6rfaktoren.<\/td>\n<td width=\"60\">&nbsp;<\/td>\n<\/tr>\n<tr>\n<td width=\"27\">&nbsp;<\/td>\n<td width=\"353\">&nbsp;<\/td>\n<td width=\"60\">&nbsp;<\/td>\n<\/tr>\n<tr>\n<td width=\"27\"><strong>b)<\/strong><\/td>\n<td width=\"353\"><strong>Rhethorik<\/strong><\/td>\n<td width=\"60\">6 U-Std.<\/td>\n<\/tr>\n<tr>\n<td width=\"27\">&nbsp;<\/td>\n<td width=\"353\">Alles \u00fcber Rhetorik:<\/p>\n<p>\u00b7\u00a0\u00a0\u00a0\u00a0\u00a0\u00a0\u00a0\u00a0 Eine Rede vorbereiten, Zuh\u00f6rer \u00fcberzeugen;<\/p>\n<p>\u00b7\u00a0\u00a0\u00a0\u00a0\u00a0\u00a0\u00a0\u00a0 Bei Fragen richtig reagieren und sich selbst trainieren;<\/td>\n<td width=\"60\">&nbsp;<\/td>\n<\/tr>\n<tr>\n<td width=\"27\">&nbsp;<\/td>\n<td width=\"353\">&nbsp;<\/td>\n<td width=\"60\">&nbsp;<\/td>\n<\/tr>\n<tr>\n<td width=\"27\"><strong>c)<\/strong><\/td>\n<td width=\"353\"><strong>Entspannen<\/strong><\/td>\n<td width=\"60\">6 U-Std.<\/td>\n<\/tr>\n<tr>\n<td width=\"27\">&nbsp;<\/td>\n<td width=\"353\">\u00b7\u00a0\u00a0\u00a0\u00a0\u00a0\u00a0\u00a0\u00a0 Was hei\u00dft eigentlich sich entspannen? Bedeutet das nichts zu tun?<\/p>\n<p>\u00b7\u00a0\u00a0\u00a0\u00a0\u00a0\u00a0\u00a0\u00a0 In diesem Kurs werden die wichtigsten Entspannungstechniken gezeigt und Methoden der Kurzentspannung ge\u00fcbt.<\/p>\n<p>\u00b7\u00a0\u00a0\u00a0\u00a0\u00a0\u00a0\u00a0\u00a0 Autogenes Training, Progressive Muskelentspannung, Meditation und Atemtechniken zum Kennenlernen.<\/td>\n<td width=\"60\">&nbsp;<\/td>\n<\/tr>\n<tr>\n<td width=\"27\">&nbsp;<\/td>\n<td width=\"353\">&nbsp;<\/td>\n<td width=\"60\">&nbsp;<\/td>\n<\/tr>\n<tr>\n<td width=\"27\"><strong>d)<\/strong><\/td>\n<td width=\"353\"><strong>Zeit &#8211; und Stressmanagement<\/strong><\/td>\n<td width=\"60\">6 U-Std.<\/td>\n<\/tr>\n<tr>\n<td width=\"27\">&nbsp;<\/td>\n<td width=\"353\">Sie erfahren:<\/p>\n<p>\u00b7\u00a0\u00a0\u00a0\u00a0\u00a0\u00a0\u00a0\u00a0 wie Sie sich selbst einsch\u00e4tzen k\u00f6nnen, wie Sie Ihre Ziele finden und verwirklichen k\u00f6nnen;<\/p>\n<p>\u00b7\u00a0\u00a0\u00a0\u00a0\u00a0\u00a0\u00a0\u00a0 wie Sie Ihre Zeit richtig managen;<\/p>\n<p>\u00b7\u00a0\u00a0\u00a0\u00a0\u00a0\u00a0\u00a0\u00a0 wie Sie effektiv mit anderen zusammenarbeiten.<\/td>\n<td width=\"60\">&nbsp;<\/td>\n<\/tr>\n<tr>\n<td width=\"27\">&nbsp;<\/td>\n<td width=\"353\">&nbsp;<\/td>\n<td width=\"60\">&nbsp;<\/td>\n<\/tr>\n<tr>\n<td width=\"27\"><strong>e)<\/strong><\/td>\n<td width=\"353\"><strong>Memory-Ged\u00e4chtnistraining<\/strong><\/td>\n<td width=\"60\">6 U-Std.<\/td>\n<\/tr>\n<tr>\n<td width=\"27\">&nbsp;<\/td>\n<td width=\"353\">\u00b7\u00a0\u00a0\u00a0\u00a0\u00a0\u00a0\u00a0\u00a0 hilft Ihnen, Ihre Merkf\u00e4higkeit und Konzentration innerhalb k\u00fcrzester Zeit spielerisch auszubauen.<\/p>\n<p>\u00b7\u00a0\u00a0\u00a0\u00a0\u00a0\u00a0\u00a0\u00a0 Sie schaffen sich so wichtige Grundlagen f\u00fcr Ihren Erfolg, beruflich als auch privat.<\/td>\n<td width=\"60\">&nbsp;<\/td>\n<\/tr>\n<tr>\n<td width=\"27\">&nbsp;<\/td>\n<td width=\"353\">&nbsp;<\/td>\n<td width=\"60\">&nbsp;<\/td>\n<\/tr>\n<tr>\n<td width=\"27\"><strong>f)<\/strong><\/td>\n<td width=\"353\"><strong>Emotionskybernetik und K\u00f6rperwahrnehmung<\/strong><\/td>\n<td width=\"60\">6 U-Std.<\/td>\n<\/tr>\n<tr>\n<td width=\"27\">&nbsp;<\/td>\n<td width=\"353\">\u00b7\u00a0\u00a0\u00a0\u00a0\u00a0\u00a0\u00a0\u00a0 F\u00fchlen Sie sich k\u00f6rperlich unausgeglichen oder verspannt?<\/p>\n<p>\u00b7\u00a0\u00a0\u00a0\u00a0\u00a0\u00a0\u00a0\u00a0 Erkennen Sie die K\u00f6rpersignale?<\/p>\n<p>\u00b7\u00a0\u00a0\u00a0\u00a0\u00a0\u00a0\u00a0\u00a0 Erfolgreiche Stressbew\u00e4ltigung!<\/td>\n<td width=\"60\">&nbsp;<\/td>\n<\/tr>\n<tr>\n<td width=\"27\">&nbsp;<\/td>\n<td width=\"353\">&nbsp;<\/td>\n<td width=\"60\">&nbsp;<\/td>\n<\/tr>\n<tr>\n<td width=\"27\"><strong>g)<\/strong><\/td>\n<td width=\"353\"><strong>Alt werden-fit bleiben ein Kurs f\u00fcr jedermann und jede Frau<\/strong><\/td>\n<td width=\"60\">6 U-Std.<\/td>\n<\/tr>\n<tr>\n<td width=\"27\">&nbsp;<\/td>\n<td width=\"353\">Ausgehend vom ganzheitlichen Gesundheitsbegriff wird der Zusammenhang von Gesundheit und Lebensgestaltung vermittelt<\/p>\n<p>\u00b7\u00a0\u00a0\u00a0\u00a0\u00a0\u00a0\u00a0\u00a0 Gesundheit &#8211; Freizeitgestaltung (Interessen, Hobbys);<\/p>\n<p>\u00b7\u00a0\u00a0\u00a0\u00a0\u00a0\u00a0\u00a0\u00a0 Gesundheit &#8211; Sexualit\u00e4t, Lebensalter;<\/p>\n<p>\u00b7\u00a0\u00a0\u00a0\u00a0\u00a0\u00a0\u00a0\u00a0 Gesundheit \u2013 Haustiere;<\/p>\n<p>\u00b7\u00a0\u00a0\u00a0\u00a0\u00a0\u00a0\u00a0\u00a0 Gesundheit &#8211; Organe, Organsysteme, Lebensalter.<\/td>\n<td width=\"60\">&nbsp;<\/td>\n<\/tr>\n<tr>\n<td width=\"27\">&nbsp;<\/td>\n<td width=\"353\">&nbsp;<\/td>\n<td width=\"60\">&nbsp;<\/td>\n<\/tr>\n<tr>\n<td width=\"27\"><strong>i)<\/strong><\/td>\n<td width=\"353\"><strong>Psychohygiene<\/strong><\/td>\n<td width=\"60\">6 U-Std.<\/td>\n<\/tr>\n<tr>\n<td width=\"27\">&nbsp;<\/td>\n<td width=\"353\">Wir sind heute einer \u00dcberf\u00fclle von Eindr\u00fccken, Hektik und Stress ausgesetzt. Hierbei \u00fcberschreiten wir oft Grenzen und laufen Gefahr, krank zu werden. Dieser Kurs bietet M\u00f6glichkeiten, sich hier\u00fcber bewusst zu werden und etwas f\u00fcr sich und seine Gesundheit zu tun.<\/td>\n<td width=\"60\">&nbsp;<\/td>\n<\/tr>\n<tr>\n<td width=\"27\">&nbsp;<\/td>\n<td width=\"353\">&nbsp;<\/td>\n<td width=\"60\">&nbsp;<\/td>\n<\/tr>\n<tr>\n<td width=\"27\"><strong>k)<\/strong><\/td>\n<td width=\"353\"><strong>Erholsam schlafen<\/strong><\/td>\n<td width=\"60\">6 U-Std.<\/td>\n<\/tr>\n<tr>\n<td width=\"27\">&nbsp;<\/td>\n<td width=\"353\">Schlafen zu k\u00f6nnen ist die selbstverst\u00e4ndlichste Sache der Welt. Bis wir Probleme damit haben. In diesem Kurs werden neue Ergebnisse der Schlafforschung dargelegt, ein \u00dcberblick \u00fcber Schlafst\u00f6rungen gegeben und Strategien zur Schlaff\u00f6rderung erarbeitet.<\/td>\n<td width=\"60\">&nbsp;<\/td>\n<\/tr>\n<tr>\n<td width=\"27\">&nbsp;<\/td>\n<td width=\"353\">&nbsp;<\/td>\n<td width=\"60\">&nbsp;<\/td>\n<\/tr>\n<tr>\n<td width=\"27\"><strong>l)<\/strong><\/td>\n<td width=\"353\"><strong>Rechtzeitige Aufkl\u00e4rung- ein optimaler Schutz vor sexuellem Missbrauch<\/strong><\/td>\n<td width=\"60\">6 U-Std.<\/td>\n<\/tr>\n<tr>\n<td width=\"27\">&nbsp;<\/td>\n<td width=\"353\">Ein Angebot f\u00fcr Eltern, P\u00e4dagogen und Interessenten:<\/p>\n<p>\u00b7\u00a0\u00a0\u00a0\u00a0\u00a0\u00a0\u00a0\u00a0 Biologische Grundlagen des Geschlechtsunterschieds;<\/p>\n<p>\u00b7\u00a0\u00a0\u00a0\u00a0\u00a0\u00a0\u00a0\u00a0 Formen der sexuellen Aktivit\u00e4t;<\/p>\n<p>\u00b7\u00a0\u00a0\u00a0\u00a0\u00a0\u00a0\u00a0\u00a0 Hetero &#8211; und Homosexualit\u00e4t;<\/p>\n<p>\u00b7\u00a0\u00a0\u00a0\u00a0\u00a0\u00a0\u00a0\u00a0 Achtungsvoller Sprachgebrauch zu allen Fragen der Sexualit\u00e4t;<\/p>\n<p>\u00b7\u00a0\u00a0\u00a0\u00a0\u00a0\u00a0\u00a0\u00a0 Verhinderung\/Abwehr von\/bei missbr\u00e4uchlichen \u00dcbergriffen.<\/td>\n<td width=\"60\">&nbsp;<\/td>\n<\/tr>\n<\/tbody>\n<\/table>\n<p>&nbsp;<\/p>\n<p>[\/et_pb_text][\/et_pb_column][\/et_pb_row][\/et_pb_section]<\/p>\n","protected":false},"excerpt":{"rendered":"<p><div class=\"et_pb_row et_pb_row_0 et_pb_row_empty\">\n\t\t\t\t\n\t\t\t\t\n\t\t\t\t\n\t\t\t\t\n\t\t\t\t\n\t\t\t<\/div> Pers\u00f6nliche Kompetenzen entwickeln und festigen a) Das Lernen lernen 6 U-Std. &nbsp; Oft entscheiden \u201eLerntechniken\u201c \u00fcber den Erfolg bei der Aufnahme und dem Behalten von Wissen. Mit den richtigen \u201eTricks\u201c f\u00e4llt der Wissenserwerb leichter und auch die Ged\u00e4chtnisleistung kann verbessert werden. &nbsp; &nbsp; Grundlagen des Lernens: \u00b7\u00a0\u00a0\u00a0\u00a0\u00a0\u00a0\u00a0\u00a0 Aufbau des Gehirns, Funktion des Ged\u00e4chtnisses Aufnahme [&hellip;]<\/p>\n","protected":false},"author":2,"featured_media":0,"parent":0,"menu_order":0,"comment_status":"closed","ping_status":"closed","template":"","meta":{"_et_pb_use_builder":"on","_et_pb_old_content":"","_et_gb_content_width":""},"yoast_head":"<!-- This site is optimized with the Yoast SEO plugin v19.10 - https:\/\/yoast.com\/wordpress\/plugins\/seo\/ -->\n<title>5. Kompetenzen - Usedom<\/title>\n<meta name=\"robots\" content=\"index, follow, max-snippet:-1, max-image-preview:large, max-video-preview:-1\" \/>\n<link rel=\"canonical\" href=\"https:\/\/mv.leb.de\/usedom\/5-kompetenzen\/\" \/>\n<meta property=\"og:locale\" content=\"de_DE\" \/>\n<meta property=\"og:type\" content=\"article\" \/>\n<meta property=\"og:title\" content=\"5. Kompetenzen - Usedom\" \/>\n<meta property=\"og:description\" content=\"Pers\u00f6nliche Kompetenzen entwickeln und festigen a) Das Lernen lernen 6 U-Std. &nbsp; Oft entscheiden \u201eLerntechniken\u201c \u00fcber den Erfolg bei der Aufnahme und dem Behalten von Wissen. Mit den richtigen \u201eTricks\u201c f\u00e4llt der Wissenserwerb leichter und auch die Ged\u00e4chtnisleistung kann verbessert werden. &nbsp; &nbsp; Grundlagen des Lernens: \u00b7\u00a0\u00a0\u00a0\u00a0\u00a0\u00a0\u00a0\u00a0 Aufbau des Gehirns, Funktion des Ged\u00e4chtnisses Aufnahme [&hellip;]\" \/>\n<meta property=\"og:url\" content=\"https:\/\/mv.leb.de\/usedom\/5-kompetenzen\/\" \/>\n<meta property=\"og:site_name\" content=\"Usedom\" \/>\n<meta property=\"article:modified_time\" content=\"2018-10-23T12:48:43+00:00\" \/>\n<meta name=\"twitter:card\" content=\"summary_large_image\" \/>\n<meta name=\"twitter:label1\" content=\"Gesch\u00e4tzte Lesezeit\" \/>\n\t<meta name=\"twitter:data1\" content=\"3\u00a0Minuten\" \/>\n<script type=\"application\/ld+json\" class=\"yoast-schema-graph\">{\"@context\":\"https:\/\/schema.org\",\"@graph\":[{\"@type\":\"WebPage\",\"@id\":\"https:\/\/mv.leb.de\/usedom\/5-kompetenzen\/\",\"url\":\"https:\/\/mv.leb.de\/usedom\/5-kompetenzen\/\",\"name\":\"5. Kompetenzen - Usedom\",\"isPartOf\":{\"@id\":\"https:\/\/mv.leb.de\/usedom\/#website\"},\"datePublished\":\"2018-10-22T16:42:39+00:00\",\"dateModified\":\"2018-10-23T12:48:43+00:00\",\"breadcrumb\":{\"@id\":\"https:\/\/mv.leb.de\/usedom\/5-kompetenzen\/#breadcrumb\"},\"inLanguage\":\"de\",\"potentialAction\":[{\"@type\":\"ReadAction\",\"target\":[\"https:\/\/mv.leb.de\/usedom\/5-kompetenzen\/\"]}]},{\"@type\":\"BreadcrumbList\",\"@id\":\"https:\/\/mv.leb.de\/usedom\/5-kompetenzen\/#breadcrumb\",\"itemListElement\":[{\"@type\":\"ListItem\",\"position\":1,\"name\":\"Startseite\",\"item\":\"https:\/\/mv.leb.de\/usedom\/\"},{\"@type\":\"ListItem\",\"position\":2,\"name\":\"5. Kompetenzen\"}]},{\"@type\":\"WebSite\",\"@id\":\"https:\/\/mv.leb.de\/usedom\/#website\",\"url\":\"https:\/\/mv.leb.de\/usedom\/\",\"name\":\"Usedom\",\"description\":\"LEB Usedom\",\"potentialAction\":[{\"@type\":\"SearchAction\",\"target\":{\"@type\":\"EntryPoint\",\"urlTemplate\":\"https:\/\/mv.leb.de\/usedom\/?s={search_term_string}\"},\"query-input\":\"required name=search_term_string\"}],\"inLanguage\":\"de\"}]}<\/script>\n<!-- \/ Yoast SEO plugin. -->","yoast_head_json":{"title":"5. Kompetenzen - Usedom","robots":{"index":"index","follow":"follow","max-snippet":"max-snippet:-1","max-image-preview":"max-image-preview:large","max-video-preview":"max-video-preview:-1"},"canonical":"https:\/\/mv.leb.de\/usedom\/5-kompetenzen\/","og_locale":"de_DE","og_type":"article","og_title":"5. Kompetenzen - Usedom","og_description":"Pers\u00f6nliche Kompetenzen entwickeln und festigen a) Das Lernen lernen 6 U-Std. &nbsp; Oft entscheiden \u201eLerntechniken\u201c \u00fcber den Erfolg bei der Aufnahme und dem Behalten von Wissen. Mit den richtigen \u201eTricks\u201c f\u00e4llt der Wissenserwerb leichter und auch die Ged\u00e4chtnisleistung kann verbessert werden. &nbsp; &nbsp; Grundlagen des Lernens: \u00b7\u00a0\u00a0\u00a0\u00a0\u00a0\u00a0\u00a0\u00a0 Aufbau des Gehirns, Funktion des Ged\u00e4chtnisses Aufnahme [&hellip;]","og_url":"https:\/\/mv.leb.de\/usedom\/5-kompetenzen\/","og_site_name":"Usedom","article_modified_time":"2018-10-23T12:48:43+00:00","twitter_card":"summary_large_image","twitter_misc":{"Gesch\u00e4tzte Lesezeit":"3\u00a0Minuten"},"schema":{"@context":"https:\/\/schema.org","@graph":[{"@type":"WebPage","@id":"https:\/\/mv.leb.de\/usedom\/5-kompetenzen\/","url":"https:\/\/mv.leb.de\/usedom\/5-kompetenzen\/","name":"5. Kompetenzen - Usedom","isPartOf":{"@id":"https:\/\/mv.leb.de\/usedom\/#website"},"datePublished":"2018-10-22T16:42:39+00:00","dateModified":"2018-10-23T12:48:43+00:00","breadcrumb":{"@id":"https:\/\/mv.leb.de\/usedom\/5-kompetenzen\/#breadcrumb"},"inLanguage":"de","potentialAction":[{"@type":"ReadAction","target":["https:\/\/mv.leb.de\/usedom\/5-kompetenzen\/"]}]},{"@type":"BreadcrumbList","@id":"https:\/\/mv.leb.de\/usedom\/5-kompetenzen\/#breadcrumb","itemListElement":[{"@type":"ListItem","position":1,"name":"Startseite","item":"https:\/\/mv.leb.de\/usedom\/"},{"@type":"ListItem","position":2,"name":"5. Kompetenzen"}]},{"@type":"WebSite","@id":"https:\/\/mv.leb.de\/usedom\/#website","url":"https:\/\/mv.leb.de\/usedom\/","name":"Usedom","description":"LEB Usedom","potentialAction":[{"@type":"SearchAction","target":{"@type":"EntryPoint","urlTemplate":"https:\/\/mv.leb.de\/usedom\/?s={search_term_string}"},"query-input":"required name=search_term_string"}],"inLanguage":"de"}]}},"_links":{"self":[{"href":"https:\/\/mv.leb.de\/usedom\/wp-json\/wp\/v2\/pages\/198"}],"collection":[{"href":"https:\/\/mv.leb.de\/usedom\/wp-json\/wp\/v2\/pages"}],"about":[{"href":"https:\/\/mv.leb.de\/usedom\/wp-json\/wp\/v2\/types\/page"}],"author":[{"embeddable":true,"href":"https:\/\/mv.leb.de\/usedom\/wp-json\/wp\/v2\/users\/2"}],"replies":[{"embeddable":true,"href":"https:\/\/mv.leb.de\/usedom\/wp-json\/wp\/v2\/comments?post=198"}],"version-history":[{"count":3,"href":"https:\/\/mv.leb.de\/usedom\/wp-json\/wp\/v2\/pages\/198\/revisions"}],"predecessor-version":[{"id":291,"href":"https:\/\/mv.leb.de\/usedom\/wp-json\/wp\/v2\/pages\/198\/revisions\/291"}],"wp:attachment":[{"href":"https:\/\/mv.leb.de\/usedom\/wp-json\/wp\/v2\/media?parent=198"}],"curies":[{"name":"wp","href":"https:\/\/api.w.org\/{rel}","templated":true}]}}