{"id":186,"date":"2018-10-22T16:57:06","date_gmt":"2018-10-22T14:57:06","guid":{"rendered":"https:\/\/mv.leb.de\/usedom\/?page_id=186"},"modified":"2018-10-23T14:47:14","modified_gmt":"2018-10-23T12:47:14","slug":"4-konfliktbewaeltigung","status":"publish","type":"page","link":"https:\/\/mv.leb.de\/usedom\/4-konfliktbewaeltigung\/","title":{"rendered":"4. Konfliktbew\u00e4ltigung"},"content":{"rendered":"<p>[et_pb_section bb_built=&#8220;1&#8243;][et_pb_row][et_pb_column type=&#8220;4_4&#8243;][et_pb_text _builder_version=&#8220;3.9&#8243;]<\/p>\n<h2><strong>Konfliktbew\u00e4ltigung<\/strong><\/h2>\n<table>\n<tbody>\n<tr>\n<td width=\"27\"><strong>a)<\/strong><\/td>\n<td width=\"368\"><strong>Konflikte k\u00f6nnen n\u00fctzlich sein<\/strong><\/td>\n<td width=\"62\">6 U-Std.<\/td>\n<\/tr>\n<tr>\n<td width=\"27\"><\/td>\n<td width=\"368\">Umgang mit Konflikten in Familie und Beruf<\/td>\n<td width=\"62\"><\/td>\n<\/tr>\n<tr>\n<td width=\"27\"><\/td>\n<td width=\"368\">\u00b7\u00a0\u00a0\u00a0\u00a0\u00a0\u00a0\u00a0\u00a0 Was wir \u00fcber Konflikte wissen sollten. Was verstehen wir unter Konflikten? Ans\u00e4tze zu einer Konflikttheorie.<\/p>\n<p>\u00b7\u00a0\u00a0\u00a0\u00a0\u00a0\u00a0\u00a0\u00a0 Wir sprechen \u00fcber unsere Konflikte.<\/td>\n<td width=\"62\"><\/td>\n<\/tr>\n<tr>\n<td width=\"27\"><\/td>\n<td width=\"368\">\u00b7\u00a0\u00a0\u00a0\u00a0\u00a0\u00a0\u00a0\u00a0 Aggressionen bringen uns voran. Die Rolle der Gef\u00fchle.<\/td>\n<td width=\"62\"><\/td>\n<\/tr>\n<tr>\n<td width=\"27\"><\/td>\n<td width=\"368\">\u00b7\u00a0\u00a0\u00a0\u00a0\u00a0\u00a0\u00a0\u00a0 Wer sich verteidigt, klagt sich an. Wie reagieren wir auf Kritik?<\/td>\n<td width=\"62\"><\/td>\n<\/tr>\n<tr>\n<td width=\"27\"><\/td>\n<td width=\"368\">\u00b7\u00a0\u00a0\u00a0\u00a0\u00a0\u00a0\u00a0\u00a0 Muss immer nur einer gewinnen? Weshalb so viele Konflikte in einer Sackgasse enden.<\/td>\n<td width=\"62\"><\/td>\n<\/tr>\n<tr>\n<td width=\"27\"><\/td>\n<td width=\"368\">\u00b7\u00a0\u00a0\u00a0\u00a0\u00a0\u00a0\u00a0\u00a0 Im Konfliktfall richtig handeln. Regeln f\u00fcr den Umgang mit Konflikten (mit \u00dcbungen).<\/td>\n<td width=\"62\"><\/td>\n<\/tr>\n<tr>\n<td width=\"27\"><\/td>\n<td width=\"368\">\u00b7\u00a0\u00a0\u00a0\u00a0\u00a0\u00a0\u00a0\u00a0 Nur die Ruhe. Wie wir Stress durch Entspannungs\u00fcbungen verringern k\u00f6nnen.<\/td>\n<td width=\"62\"><\/td>\n<\/tr>\n<tr>\n<td width=\"27\"><\/td>\n<td width=\"368\">\u00b7\u00a0\u00a0\u00a0\u00a0\u00a0\u00a0\u00a0\u00a0 Wie wir sinnvoll mit Konfliktsituationen umgehen k\u00f6nnen. Hinweise und Pl\u00e4ne f\u00fcr den Alltag.<\/td>\n<td width=\"62\"><\/td>\n<\/tr>\n<tr>\n<td width=\"27\"><\/td>\n<td width=\"368\"><\/td>\n<td width=\"62\"><\/td>\n<\/tr>\n<tr>\n<td width=\"27\"><strong>b)<\/strong><\/td>\n<td width=\"368\"><strong>F\u00fcr Demokratie und Toleranz &#8211; gegen Fremdenfeindlichkeit<\/strong><\/td>\n<td width=\"62\">6 U-Std.<\/td>\n<\/tr>\n<tr>\n<td width=\"27\"><\/td>\n<td width=\"368\">\u00b7\u00a0\u00a0\u00a0\u00a0\u00a0\u00a0\u00a0\u00a0 Auseinandersetzung mit Extremismus;<\/td>\n<td width=\"62\"><\/td>\n<\/tr>\n<tr>\n<td width=\"27\"><\/td>\n<td width=\"368\">\u00b7\u00a0\u00a0\u00a0\u00a0\u00a0\u00a0\u00a0\u00a0 extremistische Ideologien &#8211; Gef\u00e4hrdungen der Freiheit.<\/td>\n<td width=\"62\"><\/td>\n<\/tr>\n<tr>\n<td width=\"27\"><\/td>\n<td width=\"368\"><\/td>\n<td width=\"62\"><\/td>\n<\/tr>\n<tr>\n<td width=\"27\"><strong>c)<\/strong><\/td>\n<td width=\"368\"><strong>Anti-Gewalt-Training<\/strong><\/td>\n<td width=\"62\">6 U-Std.<\/td>\n<\/tr>\n<tr>\n<td width=\"27\"><\/td>\n<td width=\"368\">\u00b7\u00a0\u00a0\u00a0\u00a0\u00a0\u00a0\u00a0\u00a0 Es werden die Formen von Gewalt, ihre Ursachen und Folgen aufgezeigt. Gewalt wird als Schw\u00e4che und Kontrollverlust entlarvt, Rechtfertigungen als Ausreden.<\/td>\n<td width=\"62\"><\/td>\n<\/tr>\n<tr>\n<td width=\"27\"><\/td>\n<td width=\"368\">\u00b7\u00a0\u00a0\u00a0\u00a0\u00a0\u00a0\u00a0\u00a0 Das Training enth\u00e4lt stets kognitive wie spielerische Anteile und ist die Verbindung von Konfrontation und Empathie. Mit Wahrnehmungs\u00fcbungen und Rollenspielen werden Alternativen zu gewaltt\u00e4tigem Verhalten ge\u00fcbt &#8211; f\u00fcr einen gewaltfreien Umgang mit Konflikten und Provokationen.<\/td>\n<td width=\"62\"><\/td>\n<\/tr>\n<tr>\n<td width=\"27\"><\/td>\n<td width=\"368\"><\/td>\n<td width=\"62\"><\/td>\n<\/tr>\n<tr>\n<td width=\"27\"><strong>d)<\/strong><\/td>\n<td width=\"368\"><strong>St\u00e4rkung der Zivilcourage<\/strong><\/td>\n<td width=\"62\">6 U-Std.<\/td>\n<\/tr>\n<tr>\n<td width=\"27\"><\/td>\n<td width=\"368\">\u00b7\u00a0\u00a0\u00a0\u00a0\u00a0\u00a0\u00a0\u00a0 Ich w\u00fcrde ja gern, aber &#8230;\u201c &#8211; Der Kurs \u201eZivilcourage\u201c ermutigt und ermuntert dazu, einzugreifen, ohne als Helfer selbst in Gefahr zu geraten.<\/td>\n<td width=\"62\"><\/td>\n<\/tr>\n<tr>\n<td width=\"27\"><\/td>\n<td width=\"368\">\u00b7\u00a0\u00a0\u00a0\u00a0\u00a0\u00a0\u00a0\u00a0 Hier werden M\u00f6glichkeiten des Eingreifens er\u00f6rtert und ge\u00fcbt, welches Verhalten in welcher Situation ratsam und angemessen ist. In Rollenspielen wird die passende K\u00f6rpersprache trainiert.<\/td>\n<td width=\"62\"><\/td>\n<\/tr>\n<tr>\n<td width=\"27\"><\/td>\n<td width=\"368\"><\/td>\n<td width=\"62\"><\/td>\n<\/tr>\n<tr>\n<td width=\"27\"><strong>f)<\/strong><\/td>\n<td width=\"368\"><strong>Kriminalit\u00e4t<\/strong><\/td>\n<td width=\"62\">6 U-Std.<\/td>\n<\/tr>\n<tr>\n<td width=\"27\"><\/td>\n<td width=\"368\">\u00b7\u00a0\u00a0\u00a0\u00a0\u00a0\u00a0\u00a0\u00a0 Ursachen und\u00a0 Verhinderungsm\u00f6glichkeiten. Vorbeugende Kriminalit\u00e4tsbek\u00e4mpfung &#8211; Sicherheit an der Haust\u00fcr.<\/td>\n<td width=\"62\"><\/td>\n<\/tr>\n<tr>\n<td width=\"27\"><\/td>\n<td width=\"368\">\u00b7\u00a0\u00a0\u00a0\u00a0\u00a0\u00a0\u00a0\u00a0 Sch\u00fctzen Sie sich vor Anzeigenschwindel;<\/p>\n<p>\u00b7\u00a0\u00a0\u00a0\u00a0\u00a0\u00a0\u00a0\u00a0 Sch\u00fctzen Sie sich vor Stra\u00dfenr\u00e4ubern;<\/p>\n<p>\u00b7\u00a0\u00a0\u00a0\u00a0\u00a0\u00a0\u00a0\u00a0 Vorsicht! &#8211; hei\u00dfe Ware;<\/p>\n<p>\u00b7\u00a0\u00a0\u00a0\u00a0\u00a0\u00a0\u00a0\u00a0 Sch\u00fctzen Sie sich vor Taschendieben;<\/p>\n<p>\u00b7\u00a0\u00a0\u00a0\u00a0\u00a0\u00a0\u00a0\u00a0 Sch\u00fctzen Sie sich vor Gewalttaten;<\/p>\n<p>\u00b7\u00a0\u00a0\u00a0\u00a0\u00a0\u00a0\u00a0\u00a0 Geben Sie Trickdieben keine Chance;<\/p>\n<p>\u00b7\u00a0\u00a0\u00a0\u00a0\u00a0\u00a0\u00a0\u00a0 Sch\u00fctzen Sie ihr Kind vor Drogen;<\/p>\n<p>\u00b7\u00a0\u00a0\u00a0\u00a0\u00a0\u00a0\u00a0\u00a0 Sch\u00fctzen Sie Ihr Auto vor Dieben.<\/td>\n<td width=\"62\"><\/td>\n<\/tr>\n<tr>\n<td width=\"27\"><\/td>\n<td width=\"368\"><\/td>\n<td width=\"62\"><\/td>\n<\/tr>\n<tr>\n<td width=\"27\"><strong>g)<\/strong><\/td>\n<td width=\"368\"><strong>Gesichter der Sucht<\/strong><\/td>\n<td width=\"62\">6 U-Std.<\/td>\n<\/tr>\n<tr>\n<td width=\"27\"><\/td>\n<td width=\"368\">\u00b7\u00a0\u00a0\u00a0\u00a0\u00a0\u00a0\u00a0\u00a0 Vermittlung der Grundlagen zur Suchterkennung.<\/p>\n<p>\u00b7\u00a0\u00a0\u00a0\u00a0\u00a0\u00a0\u00a0\u00a0 Inhaltliche Darstellungen zu:<\/td>\n<td width=\"62\"><\/td>\n<\/tr>\n<tr>\n<td width=\"27\"><\/td>\n<td width=\"368\">o\u00a0\u00a0\u00a0 Problemen der Sucht im Alltag;<\/td>\n<td width=\"62\"><\/td>\n<\/tr>\n<tr>\n<td width=\"27\"><\/td>\n<td width=\"368\">o\u00a0\u00a0\u00a0 Suchtformen;<\/p>\n<p>o\u00a0\u00a0\u00a0 Drogenbeschreibung;<\/p>\n<p>o\u00a0\u00a0\u00a0 Sucht ist eine Krankheit;<\/p>\n<p>o\u00a0\u00a0\u00a0 Ma\u00dfnahmen der Suchtvorbeugung.<\/td>\n<td width=\"62\"><\/td>\n<\/tr>\n<tr>\n<td width=\"27\"><\/td>\n<td width=\"368\"><\/td>\n<td width=\"62\"><\/td>\n<\/tr>\n<tr>\n<td width=\"27\"><strong>h)<\/strong><\/td>\n<td width=\"368\"><strong>Angst und Angstst\u00f6rungen<\/strong><\/td>\n<td width=\"62\">6 U-Std.<\/td>\n<\/tr>\n<tr>\n<td width=\"27\"><\/td>\n<td width=\"368\">\u00b7\u00a0\u00a0\u00a0\u00a0\u00a0\u00a0\u00a0\u00a0 Angst ist ein Gef\u00fchl, das jeder kennt, ein ganz normaler Gef\u00fchlszustand;<\/p>\n<p>\u00b7\u00a0\u00a0\u00a0\u00a0\u00a0\u00a0\u00a0\u00a0 Angst hat viele Gesichter &#8211; Angst vor Spinnen, vor dunklen Kellern, vor Alleinsein, davor abgelehnt zu werden;<\/p>\n<p>\u00b7\u00a0\u00a0\u00a0\u00a0\u00a0\u00a0\u00a0\u00a0 Ab wann ist Angst krankhaft?<\/p>\n<p>\u00b7\u00a0\u00a0\u00a0\u00a0\u00a0\u00a0\u00a0\u00a0 Wie gehe ich mit Angstgef\u00fchlen um?<\/p>\n<p>\u00b7\u00a0\u00a0\u00a0\u00a0\u00a0\u00a0\u00a0\u00a0 Dieser Kurs soll helfen \u00c4ngste zu verstehen und mit ihnen umzugehen.<\/td>\n<td width=\"62\"><\/td>\n<\/tr>\n<\/tbody>\n<\/table>\n<p>&nbsp;<\/p>\n<p>[\/et_pb_text][\/et_pb_column][\/et_pb_row][\/et_pb_section]<\/p>\n","protected":false},"excerpt":{"rendered":"<p><div class=\"et_pb_row et_pb_row_0 et_pb_row_empty\">\n\t\t\t\t\n\t\t\t\t\n\t\t\t\t\n\t\t\t\t\n\t\t\t\t\n\t\t\t<\/div> Konfliktbew\u00e4ltigung a) Konflikte k\u00f6nnen n\u00fctzlich sein 6 U-Std. Umgang mit Konflikten in Familie und Beruf \u00b7\u00a0\u00a0\u00a0\u00a0\u00a0\u00a0\u00a0\u00a0 Was wir \u00fcber Konflikte wissen sollten. Was verstehen wir unter Konflikten? Ans\u00e4tze zu einer Konflikttheorie. \u00b7\u00a0\u00a0\u00a0\u00a0\u00a0\u00a0\u00a0\u00a0 Wir sprechen \u00fcber unsere Konflikte. \u00b7\u00a0\u00a0\u00a0\u00a0\u00a0\u00a0\u00a0\u00a0 Aggressionen bringen uns voran. Die Rolle der Gef\u00fchle. \u00b7\u00a0\u00a0\u00a0\u00a0\u00a0\u00a0\u00a0\u00a0 Wer sich verteidigt, klagt sich an. Wie [&hellip;]<\/p>\n","protected":false},"author":2,"featured_media":0,"parent":0,"menu_order":0,"comment_status":"closed","ping_status":"closed","template":"","meta":{"_et_pb_use_builder":"on","_et_pb_old_content":"","_et_gb_content_width":""},"yoast_head":"<!-- This site is optimized with the Yoast SEO plugin v19.10 - https:\/\/yoast.com\/wordpress\/plugins\/seo\/ -->\n<title>4. Konfliktbew\u00e4ltigung - Usedom<\/title>\n<meta name=\"robots\" content=\"index, follow, max-snippet:-1, max-image-preview:large, max-video-preview:-1\" \/>\n<link rel=\"canonical\" href=\"https:\/\/mv.leb.de\/usedom\/4-konfliktbewaeltigung\/\" \/>\n<meta property=\"og:locale\" content=\"de_DE\" \/>\n<meta property=\"og:type\" content=\"article\" \/>\n<meta property=\"og:title\" content=\"4. Konfliktbew\u00e4ltigung - Usedom\" \/>\n<meta property=\"og:description\" content=\"Konfliktbew\u00e4ltigung a) Konflikte k\u00f6nnen n\u00fctzlich sein 6 U-Std. Umgang mit Konflikten in Familie und Beruf \u00b7\u00a0\u00a0\u00a0\u00a0\u00a0\u00a0\u00a0\u00a0 Was wir \u00fcber Konflikte wissen sollten. Was verstehen wir unter Konflikten? Ans\u00e4tze zu einer Konflikttheorie. \u00b7\u00a0\u00a0\u00a0\u00a0\u00a0\u00a0\u00a0\u00a0 Wir sprechen \u00fcber unsere Konflikte. \u00b7\u00a0\u00a0\u00a0\u00a0\u00a0\u00a0\u00a0\u00a0 Aggressionen bringen uns voran. Die Rolle der Gef\u00fchle. \u00b7\u00a0\u00a0\u00a0\u00a0\u00a0\u00a0\u00a0\u00a0 Wer sich verteidigt, klagt sich an. Wie [&hellip;]\" \/>\n<meta property=\"og:url\" content=\"https:\/\/mv.leb.de\/usedom\/4-konfliktbewaeltigung\/\" \/>\n<meta property=\"og:site_name\" content=\"Usedom\" \/>\n<meta property=\"article:modified_time\" content=\"2018-10-23T12:47:14+00:00\" \/>\n<meta name=\"twitter:card\" content=\"summary_large_image\" \/>\n<meta name=\"twitter:label1\" content=\"Gesch\u00e4tzte Lesezeit\" \/>\n\t<meta name=\"twitter:data1\" content=\"2\u00a0Minuten\" \/>\n<script type=\"application\/ld+json\" class=\"yoast-schema-graph\">{\"@context\":\"https:\/\/schema.org\",\"@graph\":[{\"@type\":\"WebPage\",\"@id\":\"https:\/\/mv.leb.de\/usedom\/4-konfliktbewaeltigung\/\",\"url\":\"https:\/\/mv.leb.de\/usedom\/4-konfliktbewaeltigung\/\",\"name\":\"4. Konfliktbew\u00e4ltigung - Usedom\",\"isPartOf\":{\"@id\":\"https:\/\/mv.leb.de\/usedom\/#website\"},\"datePublished\":\"2018-10-22T14:57:06+00:00\",\"dateModified\":\"2018-10-23T12:47:14+00:00\",\"breadcrumb\":{\"@id\":\"https:\/\/mv.leb.de\/usedom\/4-konfliktbewaeltigung\/#breadcrumb\"},\"inLanguage\":\"de\",\"potentialAction\":[{\"@type\":\"ReadAction\",\"target\":[\"https:\/\/mv.leb.de\/usedom\/4-konfliktbewaeltigung\/\"]}]},{\"@type\":\"BreadcrumbList\",\"@id\":\"https:\/\/mv.leb.de\/usedom\/4-konfliktbewaeltigung\/#breadcrumb\",\"itemListElement\":[{\"@type\":\"ListItem\",\"position\":1,\"name\":\"Startseite\",\"item\":\"https:\/\/mv.leb.de\/usedom\/\"},{\"@type\":\"ListItem\",\"position\":2,\"name\":\"4. Konfliktbew\u00e4ltigung\"}]},{\"@type\":\"WebSite\",\"@id\":\"https:\/\/mv.leb.de\/usedom\/#website\",\"url\":\"https:\/\/mv.leb.de\/usedom\/\",\"name\":\"Usedom\",\"description\":\"LEB Usedom\",\"potentialAction\":[{\"@type\":\"SearchAction\",\"target\":{\"@type\":\"EntryPoint\",\"urlTemplate\":\"https:\/\/mv.leb.de\/usedom\/?s={search_term_string}\"},\"query-input\":\"required name=search_term_string\"}],\"inLanguage\":\"de\"}]}<\/script>\n<!-- \/ Yoast SEO plugin. -->","yoast_head_json":{"title":"4. Konfliktbew\u00e4ltigung - Usedom","robots":{"index":"index","follow":"follow","max-snippet":"max-snippet:-1","max-image-preview":"max-image-preview:large","max-video-preview":"max-video-preview:-1"},"canonical":"https:\/\/mv.leb.de\/usedom\/4-konfliktbewaeltigung\/","og_locale":"de_DE","og_type":"article","og_title":"4. Konfliktbew\u00e4ltigung - Usedom","og_description":"Konfliktbew\u00e4ltigung a) Konflikte k\u00f6nnen n\u00fctzlich sein 6 U-Std. Umgang mit Konflikten in Familie und Beruf \u00b7\u00a0\u00a0\u00a0\u00a0\u00a0\u00a0\u00a0\u00a0 Was wir \u00fcber Konflikte wissen sollten. Was verstehen wir unter Konflikten? Ans\u00e4tze zu einer Konflikttheorie. \u00b7\u00a0\u00a0\u00a0\u00a0\u00a0\u00a0\u00a0\u00a0 Wir sprechen \u00fcber unsere Konflikte. \u00b7\u00a0\u00a0\u00a0\u00a0\u00a0\u00a0\u00a0\u00a0 Aggressionen bringen uns voran. Die Rolle der Gef\u00fchle. \u00b7\u00a0\u00a0\u00a0\u00a0\u00a0\u00a0\u00a0\u00a0 Wer sich verteidigt, klagt sich an. Wie [&hellip;]","og_url":"https:\/\/mv.leb.de\/usedom\/4-konfliktbewaeltigung\/","og_site_name":"Usedom","article_modified_time":"2018-10-23T12:47:14+00:00","twitter_card":"summary_large_image","twitter_misc":{"Gesch\u00e4tzte Lesezeit":"2\u00a0Minuten"},"schema":{"@context":"https:\/\/schema.org","@graph":[{"@type":"WebPage","@id":"https:\/\/mv.leb.de\/usedom\/4-konfliktbewaeltigung\/","url":"https:\/\/mv.leb.de\/usedom\/4-konfliktbewaeltigung\/","name":"4. Konfliktbew\u00e4ltigung - Usedom","isPartOf":{"@id":"https:\/\/mv.leb.de\/usedom\/#website"},"datePublished":"2018-10-22T14:57:06+00:00","dateModified":"2018-10-23T12:47:14+00:00","breadcrumb":{"@id":"https:\/\/mv.leb.de\/usedom\/4-konfliktbewaeltigung\/#breadcrumb"},"inLanguage":"de","potentialAction":[{"@type":"ReadAction","target":["https:\/\/mv.leb.de\/usedom\/4-konfliktbewaeltigung\/"]}]},{"@type":"BreadcrumbList","@id":"https:\/\/mv.leb.de\/usedom\/4-konfliktbewaeltigung\/#breadcrumb","itemListElement":[{"@type":"ListItem","position":1,"name":"Startseite","item":"https:\/\/mv.leb.de\/usedom\/"},{"@type":"ListItem","position":2,"name":"4. Konfliktbew\u00e4ltigung"}]},{"@type":"WebSite","@id":"https:\/\/mv.leb.de\/usedom\/#website","url":"https:\/\/mv.leb.de\/usedom\/","name":"Usedom","description":"LEB Usedom","potentialAction":[{"@type":"SearchAction","target":{"@type":"EntryPoint","urlTemplate":"https:\/\/mv.leb.de\/usedom\/?s={search_term_string}"},"query-input":"required name=search_term_string"}],"inLanguage":"de"}]}},"_links":{"self":[{"href":"https:\/\/mv.leb.de\/usedom\/wp-json\/wp\/v2\/pages\/186"}],"collection":[{"href":"https:\/\/mv.leb.de\/usedom\/wp-json\/wp\/v2\/pages"}],"about":[{"href":"https:\/\/mv.leb.de\/usedom\/wp-json\/wp\/v2\/types\/page"}],"author":[{"embeddable":true,"href":"https:\/\/mv.leb.de\/usedom\/wp-json\/wp\/v2\/users\/2"}],"replies":[{"embeddable":true,"href":"https:\/\/mv.leb.de\/usedom\/wp-json\/wp\/v2\/comments?post=186"}],"version-history":[{"count":5,"href":"https:\/\/mv.leb.de\/usedom\/wp-json\/wp\/v2\/pages\/186\/revisions"}],"predecessor-version":[{"id":289,"href":"https:\/\/mv.leb.de\/usedom\/wp-json\/wp\/v2\/pages\/186\/revisions\/289"}],"wp:attachment":[{"href":"https:\/\/mv.leb.de\/usedom\/wp-json\/wp\/v2\/media?parent=186"}],"curies":[{"name":"wp","href":"https:\/\/api.w.org\/{rel}","templated":true}]}}