{"id":147,"date":"2018-10-20T12:38:04","date_gmt":"2018-10-20T10:38:04","guid":{"rendered":"https:\/\/mv.leb.de\/usedom\/?page_id=147"},"modified":"2018-10-23T12:39:24","modified_gmt":"2018-10-23T10:39:24","slug":"2-die-europaeische-union","status":"publish","type":"page","link":"https:\/\/mv.leb.de\/usedom\/2-die-europaeische-union\/","title":{"rendered":"2. Die Europ\u00e4ische Union"},"content":{"rendered":"<p>[et_pb_section bb_built=&#8220;1&#8243;][et_pb_row][et_pb_column type=&#8220;4_4&#8243;][et_pb_text _builder_version=&#8220;3.9&#8243;]<\/p>\n<h2><strong>Die Europ\u00e4ische Union<\/strong><\/h2>\n<table>\n<tbody>\n<tr>\n<td width=\"27\"><strong>a)<\/strong><\/td>\n<td width=\"368\"><strong>Das Europ\u00e4ische Parlament \u2013 die Stimme der V\u00f6lkergemeinschaft;<\/strong><\/td>\n<td width=\"62\">6 U-Std.<\/td>\n<\/tr>\n<tr>\n<td width=\"27\"><strong>\u00a0<\/strong><\/td>\n<td width=\"368\"><strong>\u00a0<\/strong><\/td>\n<td width=\"62\">&nbsp;<\/td>\n<\/tr>\n<tr>\n<td width=\"27\"><strong>b)<\/strong><\/td>\n<td width=\"368\"><strong>Grundlagen der Demokratie &#8211; B\u00fcrgerrechte und B\u00fcrgerpflichten u.a.;<\/strong><\/td>\n<td width=\"62\">6 U-Std.<\/td>\n<\/tr>\n<tr>\n<td width=\"27\"><strong>\u00a0<\/strong><\/td>\n<td width=\"368\"><strong>\u00a0<\/strong><\/td>\n<td width=\"62\">&nbsp;<\/td>\n<\/tr>\n<tr>\n<td width=\"27\"><strong>c)<\/strong><\/td>\n<td width=\"368\"><strong>Die Region Usedom \u2013 Wollin.<\/strong><\/td>\n<td width=\"62\">6 U-Std.<\/td>\n<\/tr>\n<\/tbody>\n<\/table>\n<p>[\/et_pb_text][\/et_pb_column][\/et_pb_row][\/et_pb_section]<\/p>\n","protected":false},"excerpt":{"rendered":"<p><div class=\"et_pb_row et_pb_row_0 et_pb_row_empty\">\n\t\t\t\t\n\t\t\t\t\n\t\t\t\t\n\t\t\t\t\n\t\t\t\t\n\t\t\t<\/div> Die Europ\u00e4ische Union a) Das Europ\u00e4ische Parlament \u2013 die Stimme der V\u00f6lkergemeinschaft; 6 U-Std. \u00a0 \u00a0 &nbsp; b) Grundlagen der Demokratie &#8211; B\u00fcrgerrechte und B\u00fcrgerpflichten u.a.; 6 U-Std. \u00a0 \u00a0 &nbsp; c) Die Region Usedom \u2013 Wollin. 6 U-Std.<\/p>\n","protected":false},"author":2,"featured_media":0,"parent":0,"menu_order":0,"comment_status":"closed","ping_status":"closed","template":"","meta":{"_et_pb_use_builder":"on","_et_pb_old_content":"","_et_gb_content_width":""},"yoast_head":"<!-- This site is optimized with the Yoast SEO plugin v19.10 - https:\/\/yoast.com\/wordpress\/plugins\/seo\/ -->\n<title>2. Die Europ\u00e4ische Union - Usedom<\/title>\n<meta name=\"robots\" content=\"index, follow, max-snippet:-1, max-image-preview:large, max-video-preview:-1\" \/>\n<link rel=\"canonical\" href=\"https:\/\/mv.leb.de\/usedom\/2-die-europaeische-union\/\" \/>\n<meta property=\"og:locale\" content=\"de_DE\" \/>\n<meta property=\"og:type\" content=\"article\" \/>\n<meta property=\"og:title\" content=\"2. Die Europ\u00e4ische Union - Usedom\" \/>\n<meta property=\"og:description\" content=\"Die Europ\u00e4ische Union a) Das Europ\u00e4ische Parlament \u2013 die Stimme der V\u00f6lkergemeinschaft; 6 U-Std. \u00a0 \u00a0 &nbsp; b) Grundlagen der Demokratie - B\u00fcrgerrechte und B\u00fcrgerpflichten u.a.; 6 U-Std. \u00a0 \u00a0 &nbsp; c) Die Region Usedom \u2013 Wollin. 6 U-Std.\" \/>\n<meta property=\"og:url\" content=\"https:\/\/mv.leb.de\/usedom\/2-die-europaeische-union\/\" \/>\n<meta property=\"og:site_name\" content=\"Usedom\" \/>\n<meta property=\"article:modified_time\" content=\"2018-10-23T10:39:24+00:00\" \/>\n<meta name=\"twitter:card\" content=\"summary_large_image\" \/>\n<script type=\"application\/ld+json\" class=\"yoast-schema-graph\">{\"@context\":\"https:\/\/schema.org\",\"@graph\":[{\"@type\":\"WebPage\",\"@id\":\"https:\/\/mv.leb.de\/usedom\/2-die-europaeische-union\/\",\"url\":\"https:\/\/mv.leb.de\/usedom\/2-die-europaeische-union\/\",\"name\":\"2. Die Europ\u00e4ische Union - Usedom\",\"isPartOf\":{\"@id\":\"https:\/\/mv.leb.de\/usedom\/#website\"},\"datePublished\":\"2018-10-20T10:38:04+00:00\",\"dateModified\":\"2018-10-23T10:39:24+00:00\",\"breadcrumb\":{\"@id\":\"https:\/\/mv.leb.de\/usedom\/2-die-europaeische-union\/#breadcrumb\"},\"inLanguage\":\"de\",\"potentialAction\":[{\"@type\":\"ReadAction\",\"target\":[\"https:\/\/mv.leb.de\/usedom\/2-die-europaeische-union\/\"]}]},{\"@type\":\"BreadcrumbList\",\"@id\":\"https:\/\/mv.leb.de\/usedom\/2-die-europaeische-union\/#breadcrumb\",\"itemListElement\":[{\"@type\":\"ListItem\",\"position\":1,\"name\":\"Startseite\",\"item\":\"https:\/\/mv.leb.de\/usedom\/\"},{\"@type\":\"ListItem\",\"position\":2,\"name\":\"2. Die Europ\u00e4ische Union\"}]},{\"@type\":\"WebSite\",\"@id\":\"https:\/\/mv.leb.de\/usedom\/#website\",\"url\":\"https:\/\/mv.leb.de\/usedom\/\",\"name\":\"Usedom\",\"description\":\"LEB Usedom\",\"potentialAction\":[{\"@type\":\"SearchAction\",\"target\":{\"@type\":\"EntryPoint\",\"urlTemplate\":\"https:\/\/mv.leb.de\/usedom\/?s={search_term_string}\"},\"query-input\":\"required name=search_term_string\"}],\"inLanguage\":\"de\"}]}<\/script>\n<!-- \/ Yoast SEO plugin. -->","yoast_head_json":{"title":"2. Die Europ\u00e4ische Union - Usedom","robots":{"index":"index","follow":"follow","max-snippet":"max-snippet:-1","max-image-preview":"max-image-preview:large","max-video-preview":"max-video-preview:-1"},"canonical":"https:\/\/mv.leb.de\/usedom\/2-die-europaeische-union\/","og_locale":"de_DE","og_type":"article","og_title":"2. Die Europ\u00e4ische Union - Usedom","og_description":"Die Europ\u00e4ische Union a) Das Europ\u00e4ische Parlament \u2013 die Stimme der V\u00f6lkergemeinschaft; 6 U-Std. \u00a0 \u00a0 &nbsp; b) Grundlagen der Demokratie - B\u00fcrgerrechte und B\u00fcrgerpflichten u.a.; 6 U-Std. \u00a0 \u00a0 &nbsp; c) Die Region Usedom \u2013 Wollin. 6 U-Std.","og_url":"https:\/\/mv.leb.de\/usedom\/2-die-europaeische-union\/","og_site_name":"Usedom","article_modified_time":"2018-10-23T10:39:24+00:00","twitter_card":"summary_large_image","schema":{"@context":"https:\/\/schema.org","@graph":[{"@type":"WebPage","@id":"https:\/\/mv.leb.de\/usedom\/2-die-europaeische-union\/","url":"https:\/\/mv.leb.de\/usedom\/2-die-europaeische-union\/","name":"2. Die Europ\u00e4ische Union - Usedom","isPartOf":{"@id":"https:\/\/mv.leb.de\/usedom\/#website"},"datePublished":"2018-10-20T10:38:04+00:00","dateModified":"2018-10-23T10:39:24+00:00","breadcrumb":{"@id":"https:\/\/mv.leb.de\/usedom\/2-die-europaeische-union\/#breadcrumb"},"inLanguage":"de","potentialAction":[{"@type":"ReadAction","target":["https:\/\/mv.leb.de\/usedom\/2-die-europaeische-union\/"]}]},{"@type":"BreadcrumbList","@id":"https:\/\/mv.leb.de\/usedom\/2-die-europaeische-union\/#breadcrumb","itemListElement":[{"@type":"ListItem","position":1,"name":"Startseite","item":"https:\/\/mv.leb.de\/usedom\/"},{"@type":"ListItem","position":2,"name":"2. Die Europ\u00e4ische Union"}]},{"@type":"WebSite","@id":"https:\/\/mv.leb.de\/usedom\/#website","url":"https:\/\/mv.leb.de\/usedom\/","name":"Usedom","description":"LEB Usedom","potentialAction":[{"@type":"SearchAction","target":{"@type":"EntryPoint","urlTemplate":"https:\/\/mv.leb.de\/usedom\/?s={search_term_string}"},"query-input":"required name=search_term_string"}],"inLanguage":"de"}]}},"_links":{"self":[{"href":"https:\/\/mv.leb.de\/usedom\/wp-json\/wp\/v2\/pages\/147"}],"collection":[{"href":"https:\/\/mv.leb.de\/usedom\/wp-json\/wp\/v2\/pages"}],"about":[{"href":"https:\/\/mv.leb.de\/usedom\/wp-json\/wp\/v2\/types\/page"}],"author":[{"embeddable":true,"href":"https:\/\/mv.leb.de\/usedom\/wp-json\/wp\/v2\/users\/2"}],"replies":[{"embeddable":true,"href":"https:\/\/mv.leb.de\/usedom\/wp-json\/wp\/v2\/comments?post=147"}],"version-history":[{"count":5,"href":"https:\/\/mv.leb.de\/usedom\/wp-json\/wp\/v2\/pages\/147\/revisions"}],"predecessor-version":[{"id":282,"href":"https:\/\/mv.leb.de\/usedom\/wp-json\/wp\/v2\/pages\/147\/revisions\/282"}],"wp:attachment":[{"href":"https:\/\/mv.leb.de\/usedom\/wp-json\/wp\/v2\/media?parent=147"}],"curies":[{"name":"wp","href":"https:\/\/api.w.org\/{rel}","templated":true}]}}