{"id":137,"date":"2018-10-20T11:56:19","date_gmt":"2018-10-20T09:56:19","guid":{"rendered":"https:\/\/mv.leb.de\/usedom\/?page_id=137"},"modified":"2023-08-10T13:11:15","modified_gmt":"2023-08-10T11:11:15","slug":"bildungsangebote","status":"publish","type":"page","link":"https:\/\/mv.leb.de\/usedom\/bildungsangebote\/","title":{"rendered":"Bildungsangebote"},"content":{"rendered":"<p>[et_pb_section fb_built=&#8220;1&#8243; _builder_version=&#8220;4.16&#8243; global_colors_info=&#8220;{}&#8220;][et_pb_row _builder_version=&#8220;4.16&#8243; background_size=&#8220;initial&#8220; background_position=&#8220;top_left&#8220; background_repeat=&#8220;repeat&#8220; custom_padding=&#8220;0|0px|0|0px|false|false&#8220; global_colors_info=&#8220;{}&#8220;][et_pb_column type=&#8220;4_4&#8243; _builder_version=&#8220;4.16&#8243; custom_padding=&#8220;|||&#8220; global_colors_info=&#8220;{}&#8220; custom_padding__hover=&#8220;|||&#8220;][et_pb_image src=&#8220;https:\/\/mv.leb.de\/usedom\/wp-content\/uploads\/sites\/3\/2018\/10\/Gesamtbild-e1540210829421.png&#8220; align=&#8220;center&#8220; force_fullwidth=&#8220;on&#8220; align_tablet=&#8220;center&#8220; align_phone=&#8220;&#8220; align_last_edited=&#8220;on|desktop&#8220; _builder_version=&#8220;4.16&#8243; saved_tabs=&#8220;all&#8220; global_colors_info=&#8220;{}&#8220;][\/et_pb_image][et_pb_text admin_label=&#8220;Bildungsangebote &#8211; Text&#8220; _builder_version=&#8220;4.19.0&#8243; hover_enabled=&#8220;0&#8243; z_index_tablet=&#8220;500&#8243; box_shadow_horizontal_tablet=&#8220;0px&#8220; box_shadow_vertical_tablet=&#8220;0px&#8220; box_shadow_blur_tablet=&#8220;40px&#8220; box_shadow_spread_tablet=&#8220;0px&#8220; global_colors_info=&#8220;{}&#8220; sticky_enabled=&#8220;0&#8243;]<\/p>\n<h1><strong>Bildungsangebote<\/strong><\/h1>\n<p>In dem altbekannten Spruch: <strong>&#8222;Man wird alt, wie eine Kuh und lernt immer noch dazu!&#8220;<\/strong> ist eine einfache Wahrheit versteckt. Viele Wissenschaftler sind mitterweile sogar der Meinung, dass die rasante Entwicklung des Menschen auf der Erde gerade durch seine F\u00e4higkeiten selbst etwas zu lernen und sein Wissen an nachfolgende Generationen weiterzugeben erst erm\u00f6glicht wird. Wir als gemeinn\u00fctziger Verein sprechen nicht nur \u00fcber Bildung, sondern tun etwas daf\u00fcr.<\/p>\n<p>Deshalb bieten wir unseren Lernenden im Rahmen des <strong>&#8222;Lebenslangen Lernens&#8220;<\/strong> <span style=\"color: #00b000\"><strong>l\u00e4nger andauernde Weiterbildungskurse<\/strong><\/span> (in der Regel 30 Unterrichtsstunden zu je 45 Minuten), <span style=\"color: #00b000\"><strong>Tagesseminare<\/strong><\/span> (bis zu sechs UStd.) und <span style=\"color: #00b000\"><strong>einmalige Bildungsveranstaltungen<\/strong><\/span> (bis zu drei UStd.) zu verschiedenen Themen der allgemeinen und politischen Weiterbildung an. Gegliedert ist unser Angebot gegenw\u00e4rtig in die untenstehenden 15 Projekte (Themenkomplexe), wo Sie nach einem Linksklick auf den entsprechenden Link mehr Informationen erhalten.<\/p>\n<p>Bei Interesse rufen Sie uns einfach unter den auf der <a href=\"https:\/\/mv.leb.de\/usedom\/kontakt\/\"><strong>Kontaktseite<\/strong><\/a> genannten Telefonnummern an bzw. schicken Sie uns eine E-Mail.<br \/>Sollten Sie nicht das &#8222;Richtige&#8220; gefunden haben, probieren Sie es bei userem Partner <strong><a href=\"https:\/\/www.weiterbildung-mv.de\/\" target=\"_blank\" rel=\"noopener noreferrer\">Weiterbildung-MV<\/a><\/strong><a href=\"https:\/\/www.weiterbildung-mv.de\/\">.<\/a><\/p>\n<p>Und nun viel Spa\u00df und Geduld beim St\u00f6bern!!!<\/p>\n<p>[\/et_pb_text][\/et_pb_column][\/et_pb_row][et_pb_row column_structure=&#8220;1_2,1_2&#8243; _builder_version=&#8220;4.16&#8243; background_size=&#8220;initial&#8220; background_position=&#8220;top_left&#8220; background_repeat=&#8220;repeat&#8220; global_colors_info=&#8220;{}&#8220;][et_pb_column type=&#8220;1_2&#8243; _builder_version=&#8220;4.16&#8243; custom_padding=&#8220;|||&#8220; global_colors_info=&#8220;{}&#8220; custom_padding__hover=&#8220;|||&#8220;][et_pb_text admin_label=&#8220;Kategorie 1 bis 8 &#8211; Text&#8220; _builder_version=&#8220;4.16&#8243; z_index_tablet=&#8220;500&#8243; global_colors_info=&#8220;{}&#8220;]<\/p>\n<p><strong><a href=\"https:\/\/mv.leb.de\/usedom\/1-computerkurse\/\">1. Computer<\/a><br \/><a href=\"https:\/\/mv.leb.de\/usedom\/2-die-europaeische-union\/\">2. Die Europ\u00e4ische Union<\/a><br \/><a href=\"https:\/\/mv.leb.de\/usedom\/3-sprachkurse\/\">3. Sprachkurse<\/a><br \/><a href=\"https:\/\/mv.leb.de\/usedom\/4-konfliktbewaeltigung\/\">4. Konfliktbew\u00e4ltigung<\/a><br \/><a href=\"https:\/\/mv.leb.de\/usedom\/5-kompetenzen\/\">5. Pers\u00f6nliche Kompetenzen entwickeln und festigen<\/a><br \/><a href=\"https:\/\/mv.leb.de\/usedom\/6-regionale-entwicklungsgeschichte\/\">6. Regionale Entwicklungsgeschichte<\/a><br \/><a href=\"https:\/\/mv.leb.de\/usedom\/7-niederdeutsch\/\">7. Niederdeutsch<\/a><br \/><a href=\"https:\/\/mv.leb.de\/usedom\/8-gartengestaltung\/\">8. Gartengestaltung<\/a><br \/><\/strong><\/p>\n<p>[\/et_pb_text][\/et_pb_column][et_pb_column type=&#8220;1_2&#8243; _builder_version=&#8220;4.16&#8243; custom_padding=&#8220;|||&#8220; global_colors_info=&#8220;{}&#8220; custom_padding__hover=&#8220;|||&#8220;][et_pb_text admin_label=&#8220;Kategorie 9 bis 15 &#8211; Text&#8220; _builder_version=&#8220;4.16&#8243; z_index_tablet=&#8220;500&#8243; global_colors_info=&#8220;{}&#8220;]<\/p>\n<p><a href=\"https:\/\/mv.leb.de\/usedom\/9-energien\/\"><strong>9. Erneuerbare Energien<\/strong><\/a><br \/><strong><a href=\"https:\/\/mv.leb.de\/usedom\/10-natur-und-umwelt\/\">10. Natur und Umwelt<\/a><br \/><a href=\"https:\/\/mv.leb.de\/usedom\/11-literatur\/\">11. Literatur in der Region<\/a><br \/><a href=\"https:\/\/mv.leb.de\/usedom\/12-vereinsarbeit\/\">12. Die Vereinsarbeit<\/a><br \/><a href=\"https:\/\/mv.leb.de\/usedom\/13-recht\/\">13. Das b\u00fcrgerliche Recht<\/a><br \/><a href=\"https:\/\/mv.leb.de\/usedom\/14-elterntraining\/\">14. Elterntraining<\/a><br \/><a href=\"https:\/\/mv.leb.de\/usedom\/15-kultur\/\">15. Kunst-Kultur-Globalisierung<\/a><br \/><\/strong><\/p>\n<p>[\/et_pb_text][\/et_pb_column][\/et_pb_row][et_pb_row _builder_version=&#8220;4.16&#8243; background_size=&#8220;initial&#8220; background_position=&#8220;top_left&#8220; background_repeat=&#8220;repeat&#8220; global_colors_info=&#8220;{}&#8220;][et_pb_column type=&#8220;4_4&#8243; _builder_version=&#8220;4.16&#8243; custom_padding=&#8220;|||&#8220; global_colors_info=&#8220;{}&#8220; custom_padding__hover=&#8220;|||&#8220;][et_pb_text _builder_version=&#8220;4.16&#8243; z_index_tablet=&#8220;500&#8243; text_text_shadow_horizontal_length_tablet=&#8220;0px&#8220; text_text_shadow_vertical_length_tablet=&#8220;0px&#8220; text_text_shadow_blur_strength_tablet=&#8220;1px&#8220; link_text_shadow_horizontal_length_tablet=&#8220;0px&#8220; link_text_shadow_vertical_length_tablet=&#8220;0px&#8220; link_text_shadow_blur_strength_tablet=&#8220;1px&#8220; ul_text_shadow_horizontal_length_tablet=&#8220;0px&#8220; ul_text_shadow_vertical_length_tablet=&#8220;0px&#8220; ul_text_shadow_blur_strength_tablet=&#8220;1px&#8220; ol_text_shadow_horizontal_length_tablet=&#8220;0px&#8220; ol_text_shadow_vertical_length_tablet=&#8220;0px&#8220; ol_text_shadow_blur_strength_tablet=&#8220;1px&#8220; quote_text_shadow_horizontal_length_tablet=&#8220;0px&#8220; quote_text_shadow_vertical_length_tablet=&#8220;0px&#8220; quote_text_shadow_blur_strength_tablet=&#8220;1px&#8220; header_text_shadow_horizontal_length_tablet=&#8220;0px&#8220; header_text_shadow_vertical_length_tablet=&#8220;0px&#8220; header_text_shadow_blur_strength_tablet=&#8220;1px&#8220; header_2_text_shadow_horizontal_length_tablet=&#8220;0px&#8220; header_2_text_shadow_vertical_length_tablet=&#8220;0px&#8220; header_2_text_shadow_blur_strength_tablet=&#8220;1px&#8220; header_3_text_shadow_horizontal_length_tablet=&#8220;0px&#8220; header_3_text_shadow_vertical_length_tablet=&#8220;0px&#8220; header_3_text_shadow_blur_strength_tablet=&#8220;1px&#8220; header_4_text_shadow_horizontal_length_tablet=&#8220;0px&#8220; header_4_text_shadow_vertical_length_tablet=&#8220;0px&#8220; header_4_text_shadow_blur_strength_tablet=&#8220;1px&#8220; header_5_text_shadow_horizontal_length_tablet=&#8220;0px&#8220; header_5_text_shadow_vertical_length_tablet=&#8220;0px&#8220; header_5_text_shadow_blur_strength_tablet=&#8220;1px&#8220; header_6_text_shadow_horizontal_length_tablet=&#8220;0px&#8220; header_6_text_shadow_vertical_length_tablet=&#8220;0px&#8220; header_6_text_shadow_blur_strength_tablet=&#8220;1px&#8220; box_shadow_horizontal_tablet=&#8220;0px&#8220; box_shadow_vertical_tablet=&#8220;0px&#8220; box_shadow_blur_tablet=&#8220;40px&#8220; box_shadow_spread_tablet=&#8220;0px&#8220; global_colors_info=&#8220;{}&#8220;]<\/p>\n<p>Der Mensch hat dreierlei Wege, klug zu Handeln; erstens durch Nachdenken, das ist das Edelste, zweitens durch Nachahmen, das ist das Leichteste, und drittens durch Erfahrung, das ist das Bitterste. (Konfuzius)<\/p>\n<div id=\"OKAYFREEDOM_INJECTED\">\u00a0<\/div>\n<\/p>\n<p>[\/et_pb_text][\/et_pb_column][\/et_pb_row][\/et_pb_section]<\/p>\n","protected":false},"excerpt":{"rendered":"<p>Bildungsangebote In dem altbekannten Spruch: &#8222;Man wird alt, wie eine Kuh und lernt immer noch dazu!&#8220; ist eine einfache Wahrheit versteckt. Viele Wissenschaftler sind mitterweile sogar der Meinung, dass die rasante Entwicklung des Menschen auf der Erde gerade durch seine F\u00e4higkeiten selbst etwas zu lernen und sein Wissen an nachfolgende Generationen weiterzugeben erst erm\u00f6glicht wird. [&hellip;]<\/p>\n","protected":false},"author":2,"featured_media":0,"parent":0,"menu_order":0,"comment_status":"closed","ping_status":"closed","template":"","meta":{"_et_pb_use_builder":"on","_et_pb_old_content":"","_et_gb_content_width":""},"yoast_head":"<!-- This site is optimized with the Yoast SEO plugin v19.10 - https:\/\/yoast.com\/wordpress\/plugins\/seo\/ -->\n<title>Bildungsangebote - Usedom<\/title>\n<meta name=\"robots\" content=\"index, follow, max-snippet:-1, max-image-preview:large, max-video-preview:-1\" \/>\n<link rel=\"canonical\" href=\"https:\/\/mv.leb.de\/usedom\/bildungsangebote\/\" \/>\n<meta property=\"og:locale\" content=\"de_DE\" \/>\n<meta property=\"og:type\" content=\"article\" \/>\n<meta property=\"og:title\" content=\"Bildungsangebote - Usedom\" \/>\n<meta property=\"og:description\" content=\"Bildungsangebote In dem altbekannten Spruch: &quot;Man wird alt, wie eine Kuh und lernt immer noch dazu!&quot; ist eine einfache Wahrheit versteckt. Viele Wissenschaftler sind mitterweile sogar der Meinung, dass die rasante Entwicklung des Menschen auf der Erde gerade durch seine F\u00e4higkeiten selbst etwas zu lernen und sein Wissen an nachfolgende Generationen weiterzugeben erst erm\u00f6glicht wird. [&hellip;]\" \/>\n<meta property=\"og:url\" content=\"https:\/\/mv.leb.de\/usedom\/bildungsangebote\/\" \/>\n<meta property=\"og:site_name\" content=\"Usedom\" \/>\n<meta property=\"article:modified_time\" content=\"2023-08-10T11:11:15+00:00\" \/>\n<meta name=\"twitter:card\" content=\"summary_large_image\" \/>\n<meta name=\"twitter:label1\" content=\"Gesch\u00e4tzte Lesezeit\" \/>\n\t<meta name=\"twitter:data1\" content=\"3\u00a0Minuten\" \/>\n<script type=\"application\/ld+json\" class=\"yoast-schema-graph\">{\"@context\":\"https:\/\/schema.org\",\"@graph\":[{\"@type\":\"WebPage\",\"@id\":\"https:\/\/mv.leb.de\/usedom\/bildungsangebote\/\",\"url\":\"https:\/\/mv.leb.de\/usedom\/bildungsangebote\/\",\"name\":\"Bildungsangebote - Usedom\",\"isPartOf\":{\"@id\":\"https:\/\/mv.leb.de\/usedom\/#website\"},\"datePublished\":\"2018-10-20T09:56:19+00:00\",\"dateModified\":\"2023-08-10T11:11:15+00:00\",\"breadcrumb\":{\"@id\":\"https:\/\/mv.leb.de\/usedom\/bildungsangebote\/#breadcrumb\"},\"inLanguage\":\"de\",\"potentialAction\":[{\"@type\":\"ReadAction\",\"target\":[\"https:\/\/mv.leb.de\/usedom\/bildungsangebote\/\"]}]},{\"@type\":\"BreadcrumbList\",\"@id\":\"https:\/\/mv.leb.de\/usedom\/bildungsangebote\/#breadcrumb\",\"itemListElement\":[{\"@type\":\"ListItem\",\"position\":1,\"name\":\"Startseite\",\"item\":\"https:\/\/mv.leb.de\/usedom\/\"},{\"@type\":\"ListItem\",\"position\":2,\"name\":\"Bildungsangebote\"}]},{\"@type\":\"WebSite\",\"@id\":\"https:\/\/mv.leb.de\/usedom\/#website\",\"url\":\"https:\/\/mv.leb.de\/usedom\/\",\"name\":\"Usedom\",\"description\":\"LEB Usedom\",\"potentialAction\":[{\"@type\":\"SearchAction\",\"target\":{\"@type\":\"EntryPoint\",\"urlTemplate\":\"https:\/\/mv.leb.de\/usedom\/?s={search_term_string}\"},\"query-input\":\"required name=search_term_string\"}],\"inLanguage\":\"de\"}]}<\/script>\n<!-- \/ Yoast SEO plugin. -->","yoast_head_json":{"title":"Bildungsangebote - Usedom","robots":{"index":"index","follow":"follow","max-snippet":"max-snippet:-1","max-image-preview":"max-image-preview:large","max-video-preview":"max-video-preview:-1"},"canonical":"https:\/\/mv.leb.de\/usedom\/bildungsangebote\/","og_locale":"de_DE","og_type":"article","og_title":"Bildungsangebote - Usedom","og_description":"Bildungsangebote In dem altbekannten Spruch: \"Man wird alt, wie eine Kuh und lernt immer noch dazu!\" ist eine einfache Wahrheit versteckt. Viele Wissenschaftler sind mitterweile sogar der Meinung, dass die rasante Entwicklung des Menschen auf der Erde gerade durch seine F\u00e4higkeiten selbst etwas zu lernen und sein Wissen an nachfolgende Generationen weiterzugeben erst erm\u00f6glicht wird. [&hellip;]","og_url":"https:\/\/mv.leb.de\/usedom\/bildungsangebote\/","og_site_name":"Usedom","article_modified_time":"2023-08-10T11:11:15+00:00","twitter_card":"summary_large_image","twitter_misc":{"Gesch\u00e4tzte Lesezeit":"3\u00a0Minuten"},"schema":{"@context":"https:\/\/schema.org","@graph":[{"@type":"WebPage","@id":"https:\/\/mv.leb.de\/usedom\/bildungsangebote\/","url":"https:\/\/mv.leb.de\/usedom\/bildungsangebote\/","name":"Bildungsangebote - Usedom","isPartOf":{"@id":"https:\/\/mv.leb.de\/usedom\/#website"},"datePublished":"2018-10-20T09:56:19+00:00","dateModified":"2023-08-10T11:11:15+00:00","breadcrumb":{"@id":"https:\/\/mv.leb.de\/usedom\/bildungsangebote\/#breadcrumb"},"inLanguage":"de","potentialAction":[{"@type":"ReadAction","target":["https:\/\/mv.leb.de\/usedom\/bildungsangebote\/"]}]},{"@type":"BreadcrumbList","@id":"https:\/\/mv.leb.de\/usedom\/bildungsangebote\/#breadcrumb","itemListElement":[{"@type":"ListItem","position":1,"name":"Startseite","item":"https:\/\/mv.leb.de\/usedom\/"},{"@type":"ListItem","position":2,"name":"Bildungsangebote"}]},{"@type":"WebSite","@id":"https:\/\/mv.leb.de\/usedom\/#website","url":"https:\/\/mv.leb.de\/usedom\/","name":"Usedom","description":"LEB Usedom","potentialAction":[{"@type":"SearchAction","target":{"@type":"EntryPoint","urlTemplate":"https:\/\/mv.leb.de\/usedom\/?s={search_term_string}"},"query-input":"required name=search_term_string"}],"inLanguage":"de"}]}},"_links":{"self":[{"href":"https:\/\/mv.leb.de\/usedom\/wp-json\/wp\/v2\/pages\/137"}],"collection":[{"href":"https:\/\/mv.leb.de\/usedom\/wp-json\/wp\/v2\/pages"}],"about":[{"href":"https:\/\/mv.leb.de\/usedom\/wp-json\/wp\/v2\/types\/page"}],"author":[{"embeddable":true,"href":"https:\/\/mv.leb.de\/usedom\/wp-json\/wp\/v2\/users\/2"}],"replies":[{"embeddable":true,"href":"https:\/\/mv.leb.de\/usedom\/wp-json\/wp\/v2\/comments?post=137"}],"version-history":[{"count":37,"href":"https:\/\/mv.leb.de\/usedom\/wp-json\/wp\/v2\/pages\/137\/revisions"}],"predecessor-version":[{"id":694,"href":"https:\/\/mv.leb.de\/usedom\/wp-json\/wp\/v2\/pages\/137\/revisions\/694"}],"wp:attachment":[{"href":"https:\/\/mv.leb.de\/usedom\/wp-json\/wp\/v2\/media?parent=137"}],"curies":[{"name":"wp","href":"https:\/\/api.w.org\/{rel}","templated":true}]}}