{"id":116,"date":"2018-10-19T11:33:09","date_gmt":"2018-10-19T09:33:09","guid":{"rendered":"https:\/\/mv.leb.de\/usedom\/?page_id=116"},"modified":"2019-01-29T11:26:37","modified_gmt":"2019-01-29T10:26:37","slug":"impressum","status":"publish","type":"page","link":"https:\/\/mv.leb.de\/usedom\/impressum\/","title":{"rendered":"Impressum"},"content":{"rendered":"<p>[et_pb_section bb_built=&#8220;1&#8243;][et_pb_row][et_pb_column type=&#8220;4_4&#8243;][et_pb_text admin_label=&#8220;Impressum &#8211; Text&#8220; _builder_version=&#8220;3.9&#8243;]<\/p>\n<h1><strong>Impressum<\/strong><\/h1>\n<p>&nbsp;<\/p>\n<h5><strong>Angaben gem\u00e4\u00df \u00a7 5 TMG:<\/strong><\/h5>\n<p>&#8222;L\u00e4ndliche Erwachsenenbildung Kreisarbeitsgemeinschaft Peeneland&#8220; e.V<br \/>\nStolper Stra\u00dfe 3<br \/>\n17406 Usedom<\/p>\n<h5><strong>Vertreten durch:<\/strong><\/h5>\n<p>den Vereinsvorsitzenden<br \/>\nHerrn R\u00fcdiger Lenz<\/p>\n<h5><strong>Kontakt:<\/strong><\/h5>\n<p>Telefon: +49 38372 71136<br \/>\nTelefax: +49 38372 768748<br \/>\nE-Mail: leb-usedom@t-online.de<\/p>\n<h5><strong>Registereintrag:<\/strong><\/h5>\n<p>Eintragung im Vereinsregister.<br \/>\nRegistergericht:Stralsund<br \/>\nRegisternummer: VR 7249<\/p>\n<p>Zertifiziert nach LQW3 bis 27.10.2019<br \/>\nStaatlich anerkannte Einrichtung der Weiterbildung<br \/>\ngem\u00e4\u00df \u00a77 Absatz 1 WBLVO M-V<\/p>\n<h4><strong>Verantwortlich f\u00fcr den Inhalt nach \u00a7 55 Abs. 2 RStV:<\/strong><\/h4>\n<p>P\u00e4dagogischer Leiter<br \/>\nMatthias Burkhardt<br \/>\nStolper Stra\u00dfe 3<br \/>\n17406 Usedom<\/p>\n<h5><strong>Streitschlichtung<\/strong><\/h5>\n<p>Die Europ\u00e4ische Kommission stellt eine Plattform zur Online-Streitbeilegung (OS) bereit: <a href=\"https:\/\/ec.europa.eu\/consumers\/odr\" target=\"_blank\" rel=\"noopener\">https:\/\/ec.europa.eu\/consumers\/odr<\/a>.<br \/>\nUnsere E-Mail-Adresse finden Sie oben im Impressum.<\/p>\n<p>Wir sind nicht bereit oder verpflichtet, an Streitbeilegungsverfahren vor einer Verbraucherschlichtungsstelle teilzunehmen.<\/p>\n<h5><strong>Haftung f\u00fcr Inhalte<\/strong><\/h5>\n<p>Als Diensteanbieter sind wir gem\u00e4\u00df \u00a7 7 Abs.1 TMG f\u00fcr eigene Inhalte auf diesen Seiten nach den allgemeinen Gesetzen verantwortlich. Nach \u00a7\u00a7 8 bis 10 TMG sind wir als Diensteanbieter jedoch nicht verpflichtet, \u00fcbermittelte oder gespeicherte fremde Informationen zu \u00fcberwachen oder nach Umst\u00e4nden zu forschen, die auf eine rechtswidrige T\u00e4tigkeit hinweisen.<\/p>\n<p>Verpflichtungen zur Entfernung oder Sperrung der Nutzung von Informationen nach den allgemeinen Gesetzen bleiben hiervon unber\u00fchrt. Eine diesbez\u00fcgliche Haftung ist jedoch erst ab dem Zeitpunkt der Kenntnis einer konkreten Rechtsverletzung m\u00f6glich. Bei Bekanntwerden von entsprechenden Rechtsverletzungen werden wir diese Inhalte umgehend entfernen.<\/p>\n<h5><strong>Haftung f\u00fcr Links<\/strong><\/h5>\n<p>Unser Angebot enth\u00e4lt Links zu externen Websites Dritter, auf deren Inhalte wir keinen Einfluss haben. Deshalb k\u00f6nnen wir f\u00fcr diese fremden Inhalte auch keine Gew\u00e4hr \u00fcbernehmen. F\u00fcr die Inhalte der verlinkten Seiten ist stets der jeweilige Anbieter oder Betreiber der Seiten verantwortlich. Die verlinkten Seiten wurden zum Zeitpunkt der Verlinkung auf m\u00f6gliche Rechtsverst\u00f6\u00dfe \u00fcberpr\u00fcft. Rechtswidrige Inhalte waren zum Zeitpunkt der Verlinkung nicht erkennbar.<\/p>\n<p>Eine permanente inhaltliche Kontrolle der verlinkten Seiten ist jedoch ohne konkrete Anhaltspunkte einer Rechtsverletzung nicht zumutbar. Bei Bekanntwerden von Rechtsverletzungen werden wir derartige Links umgehend entfernen.<\/p>\n<h5><strong>Urheberrecht<\/strong><\/h5>\n<p>Die durch die Seitenbetreiber erstellten Inhalte und Werke auf diesen Seiten unterliegen dem deutschen Urheberrecht. Die Vervielf\u00e4ltigung, Bearbeitung, Verbreitung und jede Art der Verwertung au\u00dferhalb der Grenzen des Urheberrechtes bed\u00fcrfen der schriftlichen Zustimmung des jeweiligen Autors bzw. Erstellers. Downloads und Kopien dieser Seite sind nur f\u00fcr den privaten, nicht kommerziellen Gebrauch gestattet.<\/p>\n<p>Soweit die Inhalte auf dieser Seite nicht vom Betreiber erstellt wurden, werden die Urheberrechte Dritter beachtet. Insbesondere werden Inhalte Dritter als solche gekennzeichnet. Sollten Sie trotzdem auf eine Urheberrechtsverletzung aufmerksam werden, bitten wir um einen entsprechenden Hinweis. Bei Bekanntwerden von Rechtsverletzungen werden wir derartige Inhalte umgehend entfernen.<br \/>\n<img decoding=\"async\" loading=\"lazy\" class=\"aligncenter size-full wp-image-367\" src=\"https:\/\/mv.leb.de\/usedom\/wp-content\/uploads\/sites\/3\/2019\/01\/erecht24-siegel-impressum-rot.png\" alt=\"\" width=\"120\" height=\"156\" \/><\/p>\n<p>[\/et_pb_text][\/et_pb_column][\/et_pb_row][\/et_pb_section]<\/p>\n","protected":false},"excerpt":{"rendered":"<p><div class=\"et_pb_row et_pb_row_0 et_pb_row_empty\">\n\t\t\t\t\n\t\t\t\t\n\t\t\t\t\n\t\t\t\t\n\t\t\t\t\n\t\t\t<\/div> Impressum &nbsp; Angaben gem\u00e4\u00df \u00a7 5 TMG: &#8222;L\u00e4ndliche Erwachsenenbildung Kreisarbeitsgemeinschaft Peeneland&#8220; e.V Stolper Stra\u00dfe 3 17406 Usedom Vertreten durch: den Vereinsvorsitzenden Herrn R\u00fcdiger Lenz Kontakt: Telefon: +49 38372 71136 Telefax: +49 38372 768748 E-Mail: leb-usedom@t-online.de Registereintrag: Eintragung im Vereinsregister. Registergericht:Stralsund Registernummer: VR 7249 Zertifiziert nach LQW3 bis 27.10.2019 Staatlich anerkannte Einrichtung der Weiterbildung gem\u00e4\u00df [&hellip;]<\/p>\n","protected":false},"author":2,"featured_media":0,"parent":0,"menu_order":0,"comment_status":"closed","ping_status":"closed","template":"","meta":{"_et_pb_use_builder":"on","_et_pb_old_content":"","_et_gb_content_width":""},"yoast_head":"<!-- This site is optimized with the Yoast SEO plugin v19.10 - https:\/\/yoast.com\/wordpress\/plugins\/seo\/ -->\n<title>Impressum - Usedom<\/title>\n<meta name=\"robots\" content=\"index, follow, max-snippet:-1, max-image-preview:large, max-video-preview:-1\" \/>\n<link rel=\"canonical\" href=\"https:\/\/mv.leb.de\/usedom\/impressum\/\" \/>\n<meta property=\"og:locale\" content=\"de_DE\" \/>\n<meta property=\"og:type\" content=\"article\" \/>\n<meta property=\"og:title\" content=\"Impressum - Usedom\" \/>\n<meta property=\"og:description\" content=\"Impressum &nbsp; Angaben gem\u00e4\u00df \u00a7 5 TMG: &quot;L\u00e4ndliche Erwachsenenbildung Kreisarbeitsgemeinschaft Peeneland&quot; e.V Stolper Stra\u00dfe 3 17406 Usedom Vertreten durch: den Vereinsvorsitzenden Herrn R\u00fcdiger Lenz Kontakt: Telefon: +49 38372 71136 Telefax: +49 38372 768748 E-Mail: leb-usedom@t-online.de Registereintrag: Eintragung im Vereinsregister. Registergericht:Stralsund Registernummer: VR 7249 Zertifiziert nach LQW3 bis 27.10.2019 Staatlich anerkannte Einrichtung der Weiterbildung gem\u00e4\u00df [&hellip;]\" \/>\n<meta property=\"og:url\" content=\"https:\/\/mv.leb.de\/usedom\/impressum\/\" \/>\n<meta property=\"og:site_name\" content=\"Usedom\" \/>\n<meta property=\"article:modified_time\" content=\"2019-01-29T10:26:37+00:00\" \/>\n<meta property=\"og:image\" content=\"https:\/\/mv.leb.de\/usedom\/wp-content\/uploads\/sites\/3\/2019\/01\/erecht24-siegel-impressum-rot.png\" \/>\n<meta name=\"twitter:card\" content=\"summary_large_image\" \/>\n<meta name=\"twitter:label1\" content=\"Gesch\u00e4tzte Lesezeit\" \/>\n\t<meta name=\"twitter:data1\" content=\"2\u00a0Minuten\" \/>\n<script type=\"application\/ld+json\" class=\"yoast-schema-graph\">{\"@context\":\"https:\/\/schema.org\",\"@graph\":[{\"@type\":\"WebPage\",\"@id\":\"https:\/\/mv.leb.de\/usedom\/impressum\/\",\"url\":\"https:\/\/mv.leb.de\/usedom\/impressum\/\",\"name\":\"Impressum - Usedom\",\"isPartOf\":{\"@id\":\"https:\/\/mv.leb.de\/usedom\/#website\"},\"datePublished\":\"2018-10-19T09:33:09+00:00\",\"dateModified\":\"2019-01-29T10:26:37+00:00\",\"breadcrumb\":{\"@id\":\"https:\/\/mv.leb.de\/usedom\/impressum\/#breadcrumb\"},\"inLanguage\":\"de\",\"potentialAction\":[{\"@type\":\"ReadAction\",\"target\":[\"https:\/\/mv.leb.de\/usedom\/impressum\/\"]}]},{\"@type\":\"BreadcrumbList\",\"@id\":\"https:\/\/mv.leb.de\/usedom\/impressum\/#breadcrumb\",\"itemListElement\":[{\"@type\":\"ListItem\",\"position\":1,\"name\":\"Startseite\",\"item\":\"https:\/\/mv.leb.de\/usedom\/\"},{\"@type\":\"ListItem\",\"position\":2,\"name\":\"Impressum\"}]},{\"@type\":\"WebSite\",\"@id\":\"https:\/\/mv.leb.de\/usedom\/#website\",\"url\":\"https:\/\/mv.leb.de\/usedom\/\",\"name\":\"Usedom\",\"description\":\"LEB Usedom\",\"potentialAction\":[{\"@type\":\"SearchAction\",\"target\":{\"@type\":\"EntryPoint\",\"urlTemplate\":\"https:\/\/mv.leb.de\/usedom\/?s={search_term_string}\"},\"query-input\":\"required name=search_term_string\"}],\"inLanguage\":\"de\"}]}<\/script>\n<!-- \/ Yoast SEO plugin. -->","yoast_head_json":{"title":"Impressum - Usedom","robots":{"index":"index","follow":"follow","max-snippet":"max-snippet:-1","max-image-preview":"max-image-preview:large","max-video-preview":"max-video-preview:-1"},"canonical":"https:\/\/mv.leb.de\/usedom\/impressum\/","og_locale":"de_DE","og_type":"article","og_title":"Impressum - Usedom","og_description":"Impressum &nbsp; Angaben gem\u00e4\u00df \u00a7 5 TMG: \"L\u00e4ndliche Erwachsenenbildung Kreisarbeitsgemeinschaft Peeneland\" e.V Stolper Stra\u00dfe 3 17406 Usedom Vertreten durch: den Vereinsvorsitzenden Herrn R\u00fcdiger Lenz Kontakt: Telefon: +49 38372 71136 Telefax: +49 38372 768748 E-Mail: leb-usedom@t-online.de Registereintrag: Eintragung im Vereinsregister. Registergericht:Stralsund Registernummer: VR 7249 Zertifiziert nach LQW3 bis 27.10.2019 Staatlich anerkannte Einrichtung der Weiterbildung gem\u00e4\u00df [&hellip;]","og_url":"https:\/\/mv.leb.de\/usedom\/impressum\/","og_site_name":"Usedom","article_modified_time":"2019-01-29T10:26:37+00:00","og_image":[{"url":"https:\/\/mv.leb.de\/usedom\/wp-content\/uploads\/sites\/3\/2019\/01\/erecht24-siegel-impressum-rot.png"}],"twitter_card":"summary_large_image","twitter_misc":{"Gesch\u00e4tzte Lesezeit":"2\u00a0Minuten"},"schema":{"@context":"https:\/\/schema.org","@graph":[{"@type":"WebPage","@id":"https:\/\/mv.leb.de\/usedom\/impressum\/","url":"https:\/\/mv.leb.de\/usedom\/impressum\/","name":"Impressum - Usedom","isPartOf":{"@id":"https:\/\/mv.leb.de\/usedom\/#website"},"datePublished":"2018-10-19T09:33:09+00:00","dateModified":"2019-01-29T10:26:37+00:00","breadcrumb":{"@id":"https:\/\/mv.leb.de\/usedom\/impressum\/#breadcrumb"},"inLanguage":"de","potentialAction":[{"@type":"ReadAction","target":["https:\/\/mv.leb.de\/usedom\/impressum\/"]}]},{"@type":"BreadcrumbList","@id":"https:\/\/mv.leb.de\/usedom\/impressum\/#breadcrumb","itemListElement":[{"@type":"ListItem","position":1,"name":"Startseite","item":"https:\/\/mv.leb.de\/usedom\/"},{"@type":"ListItem","position":2,"name":"Impressum"}]},{"@type":"WebSite","@id":"https:\/\/mv.leb.de\/usedom\/#website","url":"https:\/\/mv.leb.de\/usedom\/","name":"Usedom","description":"LEB Usedom","potentialAction":[{"@type":"SearchAction","target":{"@type":"EntryPoint","urlTemplate":"https:\/\/mv.leb.de\/usedom\/?s={search_term_string}"},"query-input":"required name=search_term_string"}],"inLanguage":"de"}]}},"_links":{"self":[{"href":"https:\/\/mv.leb.de\/usedom\/wp-json\/wp\/v2\/pages\/116"}],"collection":[{"href":"https:\/\/mv.leb.de\/usedom\/wp-json\/wp\/v2\/pages"}],"about":[{"href":"https:\/\/mv.leb.de\/usedom\/wp-json\/wp\/v2\/types\/page"}],"author":[{"embeddable":true,"href":"https:\/\/mv.leb.de\/usedom\/wp-json\/wp\/v2\/users\/2"}],"replies":[{"embeddable":true,"href":"https:\/\/mv.leb.de\/usedom\/wp-json\/wp\/v2\/comments?post=116"}],"version-history":[{"count":7,"href":"https:\/\/mv.leb.de\/usedom\/wp-json\/wp\/v2\/pages\/116\/revisions"}],"predecessor-version":[{"id":369,"href":"https:\/\/mv.leb.de\/usedom\/wp-json\/wp\/v2\/pages\/116\/revisions\/369"}],"wp:attachment":[{"href":"https:\/\/mv.leb.de\/usedom\/wp-json\/wp\/v2\/media?parent=116"}],"curies":[{"name":"wp","href":"https:\/\/api.w.org\/{rel}","templated":true}]}}